{"id":623,"date":"2025-08-15T17:52:41","date_gmt":"2025-08-15T16:52:41","guid":{"rendered":"https:\/\/cottage-landhaus-gite.vallonchene.fr\/?page_id=623"},"modified":"2025-08-15T18:07:51","modified_gmt":"2025-08-15T17:07:51","slug":"suscribete-gratis-a-nuestro-programa-de-fidelidad","status":"publish","type":"page","link":"https:\/\/cottage-landhaus-gite.vallonchene.fr\/es\/suscribete-gratis-a-nuestro-programa-de-fidelidad\/","title":{"rendered":"\u00a1Suscr\u00edbase gratis a nuestro programa de fidelidad!"},"content":{"rendered":"\n<p>\u00danete a la comunidad del G\u00eete de Vallonch\u00eane y disfruta de ofertas exclusivas, descuentos de temporada y detalles especiales para nuestros hu\u00e9spedes m\u00e1s fieles.<\/p>\n\n\n<div class='fluentform ff-default fluentform_wrapper_5  ff_guten_block ff_guten_block-5 ffs_default_wrap'><form data-form_id=\"5\" id=\"fluentform_5\" class=\"frm-fluent-form fluent_form_5 ff-el-form-top ff_form_instance_5_1 ff-form-loading ffs_default\" data-form_instance=\"ff_form_instance_5_1\" method=\"POST\" ><fieldset  style=\"border: none!important;margin: 0!important;padding: 0!important;background-color: transparent!important;box-shadow: none!important;outline: none!important; min-inline-size: 100%;\">\n                    <legend class=\"ff_screen_reader_title\" style=\"display: block; margin: 0!important;padding: 0!important;height: 0!important;text-indent: -999999px;width: 0!important;overflow:hidden;\">ES Souscription<\/legend><input type='hidden' name='__fluent_form_embded_post_id' value='623' \/><input type=\"hidden\" id=\"_fluentform_5_fluentformnonce\" name=\"_fluentform_5_fluentformnonce\" value=\"4d2652d450\" \/><input type=\"hidden\" name=\"_wp_http_referer\" value=\"\/es\/wp-json\/wp\/v2\/pages\/623\" \/><div data-name=\"ff_cn_id_1\"  class='ff-t-container ff-column-container ff_columns_total_2 '><div class='ff-t-cell ff-t-column-1' style='flex-basis: 50%;'><div data-type=\"name-element\" data-name=\"names\" class=\" ff-field_container ff-name-field-wrapper\" ><div class='ff-t-container'><div class='ff-t-cell '><div class='ff-el-group ff-el-form-top'><div class=\"ff-el-input--label ff-el-is-required asterisk-right\"><label for='ff_5_names_first_name_' id='label_ff_5_names_first_name_' >Nombre<\/label><\/div><div class='ff-el-input--content'><input type=\"text\" name=\"names[first_name]\" id=\"ff_5_names_first_name_\" class=\"ff-el-form-control\" placeholder=\"Su nombre\" aria-invalid=\"false\" aria-required=true><\/div><\/div><\/div><div class='ff-t-cell '><div class='ff-el-group ff-el-form-top'><div class=\"ff-el-input--label ff-el-is-required asterisk-right\"><label for='ff_5_names_last_name_' id='label_ff_5_names_last_name_' >Apellido<\/label><\/div><div class='ff-el-input--content'><input type=\"text\" name=\"names[last_name]\" id=\"ff_5_names_last_name_\" class=\"ff-el-form-control\" placeholder=\"Su apellido\" aria-invalid=\"false\" aria-required=true><\/div><\/div><\/div><\/div><\/div><div class='ff-el-group'><div class='ff-el-input--content'><input type=\"email\" name=\"email\" id=\"ff_5_email\" class=\"ff-el-form-control\" placeholder=\"Su correo electr\u00f3nico\" data-name=\"email\"  aria-invalid=\"false\" aria-required=true><\/div><\/div><\/div><div class='ff-t-cell ff-t-column-2' style='flex-basis: 50%;'><div class='ff-el-group    ff-el-input--content'><div class='ff-el-form-check ff-el-tc'><label aria-label='Me suscribo al programa de fidelizaci\u00f3n gratuito y al bolet\u00edn, y acepto que este sitio almacene la informaci\u00f3n que he enviado para poder responder a mi solicitud.' class='ff-el-form-check-label ff_tc_label' for=gdpr-agreement_88e5cf2ed3fa99b1f913ccbab1ec4c1e><span class='ff_tc_checkbox'><input type=\"checkbox\" name=\"gdpr-agreement\" class=\"ff-el-form-check-input ff_gdpr_field\" data-name=\"gdpr-agreement\" id=\"gdpr-agreement_88e5cf2ed3fa99b1f913ccbab1ec4c1e\"  value='on' aria-invalid='false' aria-required=true><\/span> <div class='ff_t_c'>Me suscribo al programa de fidelizaci\u00f3n gratuito y al bolet\u00edn, y acepto que este sitio almacene la informaci\u00f3n que he enviado para poder responder a mi solicitud.<\/div><\/label><\/div><\/div><div class='ff-el-group ff-text-left ff_submit_btn_wrapper ff_submit_btn_wrapper_custom'><button class=\"ff-btn ff-btn-submit ff-btn-md ff_btn_style wpf_has_custom_css\" type=\"submit\" name=\"custom_submit_button-5_1\" data-name=\"custom_submit_button-5_1\"  aria-label=\"Suscribirse gratis\">Suscribirse gratis<\/button><style>form.fluent_form_5 .wpf_has_custom_css.ff-btn-submit { background-color:#1a7efb;border-color:#1a7efb;color:#ffffff;min-width:100%; }form.fluent_form_5 .wpf_has_custom_css.ff-btn-submit:hover { background-color:#ffffff;border-color:#1a7efb;color:#1a7efb;min-width:100%; } <\/style><\/div><\/div><\/div>\t\t<div id=\"cf-turnstile-fluent-332744406\"\r\n\t\tclass=\"cf-turnstile\" \t\tdata-sitekey=\"0x4AAAAAAA_OskbvqzH6VuCk\"\r\n\t\tdata-theme=\"light\"\r\n\t\tdata-language=\"auto\"\r\n\t\tdata-size=\"normal\"\r\n\t\tdata-retry=\"auto\" data-retry-interval=\"1000\"\r\n\t\tdata-action=\"fluent-form-5\"\r\n\t\t\t\tdata-appearance=\"always\"><\/div>\r\n\t\t\t<script>document.addEventListener(\"DOMContentLoaded\", function() { setTimeout(function(){ var e=document.getElementById(\"cf-turnstile-fluent-332744406\"); e&&!e.innerHTML.trim()&&(turnstile.remove(\"#cf-turnstile-fluent-332744406\"), turnstile.render(\"#cf-turnstile-fluent-332744406\", {sitekey:\"0x4AAAAAAA_OskbvqzH6VuCk\"})); }, 0); });<\/script>\r\n\t\t\t<br class=\"cf-turnstile-br cf-turnstile-br-fluent-332744406\">\r\n\t\t\t\t<style>#cf-turnstile-fluent-332744406 { margin-left: -15px; }<\/style>\r\n\t\t<\/fieldset><\/form><div id='fluentform_5_errors' class='ff-errors-in-stack ff_form_instance_5_1 ff-form-loading_errors ff_form_instance_5_1_errors'><\/div><\/div>            <script type=\"text\/javascript\">\n                window.fluent_form_ff_form_instance_5_1 = {\"id\":\"5\",\"settings\":{\"layout\":{\"labelPlacement\":\"top\",\"helpMessagePlacement\":\"with_label\",\"errorMessagePlacement\":\"inline\",\"asteriskPlacement\":\"asterisk-right\"},\"restrictions\":{\"denyEmptySubmission\":{\"enabled\":false}}},\"form_instance\":\"ff_form_instance_5_1\",\"form_id_selector\":\"fluentform_5\",\"rules\":{\"names[first_name]\":{\"required\":{\"value\":true,\"message\":\"Este campo es obligatorio\",\"global_message\":\"Ce champ est obligatoire\",\"global\":false}},\"names[middle_name]\":{\"required\":{\"value\":false,\"message\":\"Este campo es obligatorio\",\"global_message\":\"Ce champ est obligatoire\",\"global\":true}},\"names[last_name]\":{\"required\":{\"value\":true,\"message\":\"Este campo es obligatorio\",\"global_message\":\"Ce champ est obligatoire\",\"global\":false}},\"email\":{\"required\":{\"value\":true,\"message\":\"Este campo es obligatorio\",\"global\":false,\"global_message\":\"Ce champ est obligatoire\"},\"email\":{\"value\":true,\"message\":\"Este campo debe contener un correo electr\\u00f3nico v\\u00e1lido\",\"global\":false,\"global_message\":\"Ce champ doit contenir un e-mail valide\"}},\"gdpr-agreement\":{\"required\":{\"value\":true,\"message\":\"Este campo es obligatorio\",\"global_message\":\"Ce champ est obligatoire\",\"global\":true}}},\"debounce_time\":300};\n                            <\/script>\n            ","protected":false},"excerpt":{"rendered":"<p>\u00danete a la comunidad del G\u00eete de Vallonch\u00eane y disfruta de ofertas exclusivas, descuentos de temporada y detalles especiales para nuestros hu\u00e9spedes m\u00e1s fieles.<\/p>\n","protected":false},"author":1,"featured_media":0,"parent":0,"menu_order":0,"comment_status":"closed","ping_status":"closed","template":"","meta":{"footnotes":""},"class_list":["post-623","page","type-page","status-publish","hentry"],"yoast_head":"<!-- This site is optimized with the Yoast SEO plugin v26.5 - https:\/\/yoast.com\/wordpress\/plugins\/seo\/ -->\n<title>\u00a1Suscr\u00edbase gratis a nuestro programa de fidelidad! - Casa de Campo<\/title>\n<meta name=\"robots\" content=\"index, follow, max-snippet:-1, max-image-preview:large, max-video-preview:-1\" \/>\n<link rel=\"canonical\" href=\"https:\/\/cottage-landhaus-gite.vallonchene.fr\/es\/suscribete-gratis-a-nuestro-programa-de-fidelidad\/\" \/>\n<meta property=\"og:locale\" content=\"es_ES\" \/>\n<meta property=\"og:type\" content=\"article\" \/>\n<meta property=\"og:title\" content=\"\u00a1Suscr\u00edbase gratis a nuestro programa de fidelidad! - Casa de Campo\" \/>\n<meta property=\"og:description\" content=\"\u00danete a la comunidad del G\u00eete de Vallonch\u00eane y disfruta de ofertas exclusivas, descuentos de temporada y detalles especiales para nuestros hu\u00e9spedes m\u00e1s fieles.\" \/>\n<meta property=\"og:url\" content=\"https:\/\/cottage-landhaus-gite.vallonchene.fr\/es\/suscribete-gratis-a-nuestro-programa-de-fidelidad\/\" \/>\n<meta property=\"og:site_name\" content=\"Casa de Campo\" \/>\n<meta property=\"article:modified_time\" content=\"2025-08-15T17:07:51+00:00\" \/>\n<meta name=\"twitter:card\" content=\"summary_large_image\" \/>\n<meta name=\"twitter:label1\" content=\"Tiempo de lectura\" \/>\n\t<meta name=\"twitter:data1\" content=\"1 minuto\" \/>\n<script type=\"application\/ld+json\" class=\"yoast-schema-graph\">{\"@context\":\"https:\/\/schema.org\",\"@graph\":[{\"@type\":\"WebPage\",\"@id\":\"https:\/\/cottage-landhaus-gite.vallonchene.fr\/es\/suscribete-gratis-a-nuestro-programa-de-fidelidad\/\",\"url\":\"https:\/\/cottage-landhaus-gite.vallonchene.fr\/es\/suscribete-gratis-a-nuestro-programa-de-fidelidad\/\",\"name\":\"\u00a1Suscr\u00edbase gratis a nuestro programa de fidelidad! - Casa de Campo\",\"isPartOf\":{\"@id\":\"https:\/\/cottage-landhaus-gite.vallonchene.fr\/es\/#website\"},\"datePublished\":\"2025-08-15T16:52:41+00:00\",\"dateModified\":\"2025-08-15T17:07:51+00:00\",\"breadcrumb\":{\"@id\":\"https:\/\/cottage-landhaus-gite.vallonchene.fr\/es\/suscribete-gratis-a-nuestro-programa-de-fidelidad\/#breadcrumb\"},\"inLanguage\":\"es\",\"potentialAction\":[{\"@type\":\"ReadAction\",\"target\":[\"https:\/\/cottage-landhaus-gite.vallonchene.fr\/es\/suscribete-gratis-a-nuestro-programa-de-fidelidad\/\"]}]},{\"@type\":\"BreadcrumbList\",\"@id\":\"https:\/\/cottage-landhaus-gite.vallonchene.fr\/es\/suscribete-gratis-a-nuestro-programa-de-fidelidad\/#breadcrumb\",\"itemListElement\":[{\"@type\":\"ListItem\",\"position\":1,\"name\":\"Accueil\",\"item\":\"https:\/\/cottage-landhaus-gite.vallonchene.fr\/es\/\"},{\"@type\":\"ListItem\",\"position\":2,\"name\":\"\u00a1Suscr\u00edbase gratis a nuestro programa de fidelidad!\"}]},{\"@type\":\"WebSite\",\"@id\":\"https:\/\/cottage-landhaus-gite.vallonchene.fr\/es\/#website\",\"url\":\"https:\/\/cottage-landhaus-gite.vallonchene.fr\/es\/\",\"name\":\"Casa de Campo\",\"description\":\"\",\"publisher\":{\"@id\":\"https:\/\/cottage-landhaus-gite.vallonchene.fr\/es\/#organization\"},\"potentialAction\":[{\"@type\":\"SearchAction\",\"target\":{\"@type\":\"EntryPoint\",\"urlTemplate\":\"https:\/\/cottage-landhaus-gite.vallonchene.fr\/es\/?s={search_term_string}\"},\"query-input\":{\"@type\":\"PropertyValueSpecification\",\"valueRequired\":true,\"valueName\":\"search_term_string\"}}],\"inLanguage\":\"es\"},{\"@type\":\"Organization\",\"@id\":\"https:\/\/cottage-landhaus-gite.vallonchene.fr\/es\/#organization\",\"name\":\"Casa de Campo\",\"url\":\"https:\/\/cottage-landhaus-gite.vallonchene.fr\/es\/\",\"logo\":{\"@type\":\"ImageObject\",\"inLanguage\":\"es\",\"@id\":\"https:\/\/cottage-landhaus-gite.vallonchene.fr\/es\/#\/schema\/logo\/image\/\",\"url\":\"https:\/\/cottage-landhaus-gite.vallonchene.fr\/wp-content\/uploads\/2025\/02\/Logo-du-gite-de-Vallonchene-avec-fond-transparent.png\",\"contentUrl\":\"https:\/\/cottage-landhaus-gite.vallonchene.fr\/wp-content\/uploads\/2025\/02\/Logo-du-gite-de-Vallonchene-avec-fond-transparent.png\",\"width\":683,\"height\":728,\"caption\":\"Casa de Campo\"},\"image\":{\"@id\":\"https:\/\/cottage-landhaus-gite.vallonchene.fr\/es\/#\/schema\/logo\/image\/\"}}]}<\/script>\n<!-- \/ Yoast SEO plugin. -->","yoast_head_json":{"title":"\u00a1Suscr\u00edbase gratis a nuestro programa de fidelidad! - Casa de Campo","robots":{"index":"index","follow":"follow","max-snippet":"max-snippet:-1","max-image-preview":"max-image-preview:large","max-video-preview":"max-video-preview:-1"},"canonical":"https:\/\/cottage-landhaus-gite.vallonchene.fr\/es\/suscribete-gratis-a-nuestro-programa-de-fidelidad\/","og_locale":"es_ES","og_type":"article","og_title":"\u00a1Suscr\u00edbase gratis a nuestro programa de fidelidad! - Casa de Campo","og_description":"\u00danete a la comunidad del G\u00eete de Vallonch\u00eane y disfruta de ofertas exclusivas, descuentos de temporada y detalles especiales para nuestros hu\u00e9spedes m\u00e1s fieles.","og_url":"https:\/\/cottage-landhaus-gite.vallonchene.fr\/es\/suscribete-gratis-a-nuestro-programa-de-fidelidad\/","og_site_name":"Casa de Campo","article_modified_time":"2025-08-15T17:07:51+00:00","twitter_card":"summary_large_image","twitter_misc":{"Tiempo de lectura":"1 minuto"},"schema":{"@context":"https:\/\/schema.org","@graph":[{"@type":"WebPage","@id":"https:\/\/cottage-landhaus-gite.vallonchene.fr\/es\/suscribete-gratis-a-nuestro-programa-de-fidelidad\/","url":"https:\/\/cottage-landhaus-gite.vallonchene.fr\/es\/suscribete-gratis-a-nuestro-programa-de-fidelidad\/","name":"\u00a1Suscr\u00edbase gratis a nuestro programa de fidelidad! - Casa de Campo","isPartOf":{"@id":"https:\/\/cottage-landhaus-gite.vallonchene.fr\/es\/#website"},"datePublished":"2025-08-15T16:52:41+00:00","dateModified":"2025-08-15T17:07:51+00:00","breadcrumb":{"@id":"https:\/\/cottage-landhaus-gite.vallonchene.fr\/es\/suscribete-gratis-a-nuestro-programa-de-fidelidad\/#breadcrumb"},"inLanguage":"es","potentialAction":[{"@type":"ReadAction","target":["https:\/\/cottage-landhaus-gite.vallonchene.fr\/es\/suscribete-gratis-a-nuestro-programa-de-fidelidad\/"]}]},{"@type":"BreadcrumbList","@id":"https:\/\/cottage-landhaus-gite.vallonchene.fr\/es\/suscribete-gratis-a-nuestro-programa-de-fidelidad\/#breadcrumb","itemListElement":[{"@type":"ListItem","position":1,"name":"Accueil","item":"https:\/\/cottage-landhaus-gite.vallonchene.fr\/es\/"},{"@type":"ListItem","position":2,"name":"\u00a1Suscr\u00edbase gratis a nuestro programa de fidelidad!"}]},{"@type":"WebSite","@id":"https:\/\/cottage-landhaus-gite.vallonchene.fr\/es\/#website","url":"https:\/\/cottage-landhaus-gite.vallonchene.fr\/es\/","name":"Casa de Campo","description":"","publisher":{"@id":"https:\/\/cottage-landhaus-gite.vallonchene.fr\/es\/#organization"},"potentialAction":[{"@type":"SearchAction","target":{"@type":"EntryPoint","urlTemplate":"https:\/\/cottage-landhaus-gite.vallonchene.fr\/es\/?s={search_term_string}"},"query-input":{"@type":"PropertyValueSpecification","valueRequired":true,"valueName":"search_term_string"}}],"inLanguage":"es"},{"@type":"Organization","@id":"https:\/\/cottage-landhaus-gite.vallonchene.fr\/es\/#organization","name":"Casa de Campo","url":"https:\/\/cottage-landhaus-gite.vallonchene.fr\/es\/","logo":{"@type":"ImageObject","inLanguage":"es","@id":"https:\/\/cottage-landhaus-gite.vallonchene.fr\/es\/#\/schema\/logo\/image\/","url":"https:\/\/cottage-landhaus-gite.vallonchene.fr\/wp-content\/uploads\/2025\/02\/Logo-du-gite-de-Vallonchene-avec-fond-transparent.png","contentUrl":"https:\/\/cottage-landhaus-gite.vallonchene.fr\/wp-content\/uploads\/2025\/02\/Logo-du-gite-de-Vallonchene-avec-fond-transparent.png","width":683,"height":728,"caption":"Casa de Campo"},"image":{"@id":"https:\/\/cottage-landhaus-gite.vallonchene.fr\/es\/#\/schema\/logo\/image\/"}}]}},"_links":{"self":[{"href":"https:\/\/cottage-landhaus-gite.vallonchene.fr\/es\/wp-json\/wp\/v2\/pages\/623","targetHints":{"allow":["GET"]}}],"collection":[{"href":"https:\/\/cottage-landhaus-gite.vallonchene.fr\/es\/wp-json\/wp\/v2\/pages"}],"about":[{"href":"https:\/\/cottage-landhaus-gite.vallonchene.fr\/es\/wp-json\/wp\/v2\/types\/page"}],"author":[{"embeddable":true,"href":"https:\/\/cottage-landhaus-gite.vallonchene.fr\/es\/wp-json\/wp\/v2\/users\/1"}],"replies":[{"embeddable":true,"href":"https:\/\/cottage-landhaus-gite.vallonchene.fr\/es\/wp-json\/wp\/v2\/comments?post=623"}],"version-history":[{"count":2,"href":"https:\/\/cottage-landhaus-gite.vallonchene.fr\/es\/wp-json\/wp\/v2\/pages\/623\/revisions"}],"predecessor-version":[{"id":636,"href":"https:\/\/cottage-landhaus-gite.vallonchene.fr\/es\/wp-json\/wp\/v2\/pages\/623\/revisions\/636"}],"wp:attachment":[{"href":"https:\/\/cottage-landhaus-gite.vallonchene.fr\/es\/wp-json\/wp\/v2\/media?parent=623"}],"curies":[{"name":"wp","href":"https:\/\/api.w.org\/{rel}","templated":true}]}}