{"id":341,"date":"2025-03-02T11:01:21","date_gmt":"2025-03-02T10:01:21","guid":{"rendered":"https:\/\/cottage-landhaus-gite.vallonchene.fr\/politique-de-cookies\/"},"modified":"2025-03-02T11:01:21","modified_gmt":"2025-03-02T10:01:21","slug":"politique-de-cookies","status":"publish","type":"page","link":"https:\/\/cottage-landhaus-gite.vallonchene.fr\/en\/politique-de-cookies\/","title":{"rendered":"Politique de Cookies"},"content":{"rendered":"<p>With this cookie policy, we would like to explain what cookies and cookie-like technologies are, how we and other service provider use them on this website, what information they collect, for how long and for what purposes we use them.<\/p><h2>Table of contents<\/h2><ul><li><a href=\"#controller-of-the-website\">Controller of the website<\/a><\/li><li><a href=\"#diff-to-privacy-policy\">Addition to the privacy policy<\/a><\/li><li><a href=\"#cookie-technology\">What are cookies and similar technologies?<\/a><\/li><li><a href=\"#legal-basis\">What is the legal basis for setting\/reading cookies?<\/a><\/li><li><a href=\"#rights-of-visitor\">What rights does the website visitor have?<\/a><\/li><li><a href=\"#manage-cookies\">How to manage cookies in a browser?<\/a><\/li><li><a href=\"#types-of-cookies\">What types of cookies exist?<\/a><\/li><li><a href=\"#cookies-origin\">Who can set cookies on this website?<\/a><\/li><li><a href=\"#list-of-services\">Which cookies are used on this website?<\/a><\/li><\/ul><h2 id=\"controller-of-the-website\">Controller of the website<\/h2><ul><li><strong>Provider: <\/strong>Location de G\u00eete, Christophe MARSILLE, 1507 chemin d'Atteville, 76440 SOMMERY, France<\/li><li><strong>Email: <\/strong><a target=\"_blank\" href=\"mailto:office@vallonchene.fr\">office@vallonchene.fr<\/a><\/li><li><strong>Contact form: <\/strong><a target=\"_blank\" href=\"https:\/\/cottage-landhaus-gite.vallonchene.fr\/en\/contact-booking\/\">cottage-landhaus-gite.vallonchene.fr\/en\/contact-booking\/<\/a><\/li><\/ul><h2 id=\"diff-to-privacy-policy\">Addition to the privacy policy<\/h2><p>This cookie policy is a supplement to this website's <a href=\"https:\/\/cottage-landhaus-gite.vallonchene.fr\/en\/privacy-policy\/\" target=\"_blank\">privacy policy<\/a>. The cookie policy specifies how a website uses cookies and what data it collects through them, while the privacy policy is a more comprehensive overview of all data processing activities on the website and beyond.<\/p><h2 id=\"cookie-technology\">What are cookies and similar technologies?<\/h2><p>Cookies are small pieces of information similar to text files that can be stored and read on the end device. They serve various purposes, including maintaining basic functionalities of the website, security and privacy, providing optional functions of the website, collecting statistic data on visitor flows and providing marketing systems. Practical examples of what can be stored in cookies are the storage of login status in user accounts, the content of shopping baskets in e-commerce platforms, or a user ID for tracking behavior on the website.<br \/><br \/>The information can technically be stored in various ways. The best-known examples of this are HTTP cookies and cookie-like technologies like local storage, session storage or IndexedDB. Each type of storage has different properties, which determine the technical handling, accessibility and controllers authorized to access the information. All these types of storage are usually summarized under the term \"cookies\" and are therefore called as such in this cookie policy.<\/p><h2 id=\"legal-basis\">What is the legal basis for setting\/reading cookies?<\/h2><p>The setting and reading of cookies in the European Union (EU) and the European Economic Area (EEA) is in accordance with Art. 5 (3) ePrivacy Directive and Recital 66 ePrivacy Directive only permitted if a user has given his consent on the basis of comprehensive information about the purposes of the processing. The website operator may also set cookies if they are strictly necessary to provide you as a user with the expressly requested service, e.g. the basic content of this website or other strictly necessary cookies for basic functionality of the website to be displayed to you without your consent.<\/p><h2 id=\"rights-of-visitor\">What rights does the website visitor have?<\/h2><p>Services and their cookies can be set and read on the legal basis of your consent or a legitimate interest. When you first visited this website, you were asked for your consent and you had the opportunity to object to the use of certain services. We explained which legal basis is used for which service in our consent dialog.<br \/><br \/>You have the right to view the history of your decisions, change your privacy settings, object to the use of services and revoke your consent at any time. Below you find possibilities to exercise your rights:<br \/><ul><li><a  href=\"#consent-change\" role=\"button\" id=\"rcb-sc-link-change\" data-success-message=\"\" class=\"rcb-sc-link rcb-sc-link-change \">Change privacy settings<\/a><\/li><li><a  href=\"#consent-history\" role=\"button\" id=\"rcb-sc-link-history\" data-success-message=\"\" class=\"rcb-sc-link rcb-sc-link-history \">Privacy settings history<\/a><\/li><li><a  href=\"#consent-revoke\" role=\"button\" id=\"rcb-sc-link-revoke\" data-success-message=\"You have successfully revoked consent for services with its cookies and personal data processing. The page will be reloaded now!\" class=\"rcb-sc-link rcb-sc-link-revoke \">Revoke consents<\/a><\/li><\/ul><\/p><h2 id=\"manage-cookies\">How to manage cookies in a browser?<\/h2><p><ul><li><strong>How to remove cookies in a browser:<\/strong> To remove cookies from your device, you can clear the browsing data in the settings of your browser. This action will remove all cookies from all websites you've visited, potentially including saved login details and site preferences. In some browsers, you can just delete the cookies and similar data without deleting the whole browsing history.<\/li><li><strong>How to control cookies in a browser:<\/strong> For more granular control over cookies specific to certain websites, navigate to the privacy and cookie settings within your used browser. Here, you can adjust preferences related to individual sites' cookie usage.<\/li><li><strong>How to block cookies in a browser:<\/strong> It's possible to configure most modern browsers in their settings to block all cookies from being placed on your device. But blocking cookies could lead to certain services and functionalities not functioning correctly, e.g. logins as a user. You can also use extensions for many browsers which can block the setting of cookies on websites.<\/li><li><strong>How to manage cookies on this website:<\/strong> To tailor your preferences regarding cookies on this website, you can change your preferences at any time by clicking on the link in the section \"Rights of the website visitor\".<\/li><\/li><\/ul><p>You can find more information on the handling of cookies <a href=\"https:\/\/devowl.io\/rcb\/cookie-handling\/\" target=\"_blank\">devowl.io\/rcb\/cookie-handling\/<\/a>.<\/p><\/p><h2 id=\"types-of-cookies\">What types of cookies exist?<\/h2><p><ul><li><strong>Essential cookies<\/strong> are indispensable for the basic functionality of a website and enable functions such as saving login information or access to secure areas of the site. These include, for example, security cookies, which can identify a bot that is not wanted on the website by storing an authentication key in a cookie.<\/li><li><strong>Functional cookies<\/strong> improve the user experience by storing information and preferences such as language settings or appearance settings of the website to provide personalized. This includes, for example, preference cookies that store the user's preferred video quality on a website.<\/li><li><strong>Statistics cookies<\/strong> collect data about the use of a website to gain insights into user behavior and optimize the performance of the site. This includes, for example, a randomly assigned user ID that makes it possible to attribute whether you have visited a subpage of the website.<\/li><li><strong>Marketing cookies<\/strong> are used to track user behavior across different websites and to display personalized advertising based on the interests and surfing behavior of users. This includes, for example, advertising cookies that store an interaction with an advertisement on the website and pass it on to advertisers or a chat system for pre-sale questions and customer support.<\/li><\/li><\/ul><\/p><h2 id=\"cookies-origin\">Who can set cookies on this website?<\/h2><p>On this website, both the operator of the website and third-party services which are used on this website may set cookies and access its content. Who can access which cookies and their content differs between first-party and third-party cookies. First-party cookies are created by the visited website and can only be read by the website operator and integrated third-party services on this website. Third-party cookies are set by usually third-party services on other domains, can be read on all websites on which the service that controls the domain is embedded and, for example, used by advertising networks to track user behavior across different websites and offer personalized advertising.<\/p><h2 id=\"list-of-services\">Which cookies are used on this website?<\/h2><script type=\"application\/json\">{\"search\":{\"placeholder\":\"Search...\"},\"sort\":{\"sortAsc\":\"Sort column ascending\",\"sortDesc\":\"Sort column descending\"},\"pagination\":{\"previous\":\"Previous\",\"next\":\"Next\",\"navigate\":\"Page %1$d of %2$d\",\"page\":\"Page %d\",\"showing\":\"Showing\",\"of\":\"of\",\"to\":\"to\",\"results\":\"results\"},\"noRecordsFound\":\"No matching records found\"}<\/script><table  class=\"devowl-wp-react-cookie-banner-cookie-policy\"><thead><tr><th width=\"200px\" scope=\"col\">Category<\/th><th width=\"400px\" scope=\"col\">Technical cookie name<\/th><th width=\"400px\" scope=\"col\">Technical cookie host<\/th><th width=\"400px\" scope=\"col\">Service<\/th><th width=\"250px\" scope=\"col\">Duration<\/th><th width=\"200px\" scope=\"col\">Type<\/th><th width=\"550px\" scope=\"col\">Purpose<\/th><\/tr><\/thead><tbody><tr><td>Essentiel<\/td><td>real_cookie_banner*<\/td><td>.vallonchene.fr<\/td><td>Real Cookie Banner<\/td><td>365 days<\/td><td>HTTP Cookie<\/td><td>Identifiant unique pour le consentement, mais pas pour le visiteur du site web. Hachure de r\u00e9vision pour les param\u00e8tres de la banni\u00e8re des cookies (textes, couleurs, caract\u00e9ristiques, groupes de services, services, bloqueurs de contenu, etc.) ID des services et groupes de services autoris\u00e9s.<\/td><\/tr><tr><td>Essentiel<\/td><td>real_cookie_banner*-tcf<\/td><td>.vallonchene.fr<\/td><td>Real Cookie Banner<\/td><td>365 days<\/td><td>HTTP Cookie<\/td><td>Consentements recueillis dans le cadre du TCF et stock\u00e9s dans le format TC String, y compris les fournisseurs du TCF, les objectifs, les objectifs sp\u00e9ciaux, les caract\u00e9ristiques et les caract\u00e9ristiques sp\u00e9ciales.<\/td><\/tr><tr><td>Essentiel<\/td><td>real_cookie_banner*-gcm<\/td><td>.vallonchene.fr<\/td><td>Real Cookie Banner<\/td><td>365 days<\/td><td>HTTP Cookie<\/td><td>Les consentements relatifs aux types de consentement (finalit\u00e9s) collect\u00e9s dans le cadre du mode de consentement de Google sont stock\u00e9s pour tous les services compatibles avec le mode de consentement de Google.<\/td><\/tr><tr><td>Essentiel<\/td><td>real_cookie_banner-test<\/td><td>.vallonchene.fr<\/td><td>Real Cookie Banner<\/td><td>365 days<\/td><td>HTTP Cookie<\/td><td>Cookie mis en place pour tester la fonctionnalit\u00e9 des cookies HTTP. Il est supprim\u00e9 imm\u00e9diatement apr\u00e8s le test.<\/td><\/tr><tr><td>Essentiel<\/td><td>real_cookie_banner*<\/td><td>https:\/\/cottage-landhaus-gite.vallonchene.fr<\/td><td>Real Cookie Banner<\/td><td>-<\/td><td>Local Storage<\/td><td>Identifiant unique pour le consentement, mais pas pour le visiteur du site web. Hachure de r\u00e9vision pour les param\u00e8tres de la banni\u00e8re des cookies (textes, couleurs, caract\u00e9ristiques, groupes de services, services, bloqueurs de contenu, etc.) Identifiant des services et des groupes de services autoris\u00e9s. N'est stock\u00e9 que jusqu'\u00e0 ce que le consentement soit document\u00e9 sur le serveur du site web.<\/td><\/tr><tr><td>Essentiel<\/td><td>real_cookie_banner*-tcf<\/td><td>https:\/\/cottage-landhaus-gite.vallonchene.fr<\/td><td>Real Cookie Banner<\/td><td>-<\/td><td>Local Storage<\/td><td>Les consentements recueillis dans le cadre du TCF sont stock\u00e9s dans le format TC String, y compris les fournisseurs du TCF, les objectifs, les objectifs sp\u00e9ciaux, les caract\u00e9ristiques et les caract\u00e9ristiques sp\u00e9ciales. Ils ne sont stock\u00e9s que jusqu'\u00e0 ce que le consentement soit document\u00e9 sur le serveur du site web.<\/td><\/tr><tr><td>Essentiel<\/td><td>real_cookie_banner*-gcm<\/td><td>https:\/\/cottage-landhaus-gite.vallonchene.fr<\/td><td>Real Cookie Banner<\/td><td>-<\/td><td>Local Storage<\/td><td>Les consentements recueillis dans le cadre du mode de consentement de Google sont stock\u00e9s dans les types de consentement (finalit\u00e9s) pour tous les services compatibles avec le mode de consentement de Google. Il n'est stock\u00e9 que jusqu'\u00e0 ce que le consentement soit document\u00e9 sur le serveur du site web.<\/td><\/tr><tr><td>Essentiel<\/td><td>real_cookie_banner-consent-queue*<\/td><td>https:\/\/cottage-landhaus-gite.vallonchene.fr<\/td><td>Real Cookie Banner<\/td><td>-<\/td><td>Local Storage<\/td><td>Mise en cache locale de la s\u00e9lection dans une banni\u00e8re de cookies jusqu'\u00e0 ce que le serveur documente le consentement ; documentation p\u00e9riodique ou tentative de changement de page si le serveur n'est pas disponible ou surcharg\u00e9.<\/td><\/tr><\/tbody><\/table><p>The cookie policy was last updated on 6 March 2025.<\/p>\n\n","protected":false},"excerpt":{"rendered":"","protected":false},"author":1,"featured_media":0,"parent":0,"menu_order":0,"comment_status":"closed","ping_status":"closed","template":"","meta":{"footnotes":""},"class_list":["post-341","page","type-page","status-publish","hentry"],"yoast_head":"<!-- This site is optimized with the Yoast SEO plugin v26.5 - https:\/\/yoast.com\/wordpress\/plugins\/seo\/ -->\n<title>Politique de Cookies - Cottage rental<\/title>\n<meta name=\"robots\" content=\"index, follow, max-snippet:-1, max-image-preview:large, max-video-preview:-1\" \/>\n<link rel=\"canonical\" href=\"https:\/\/cottage-landhaus-gite.vallonchene.fr\/en\/politique-de-cookies\/\" \/>\n<meta property=\"og:locale\" content=\"en_US\" \/>\n<meta property=\"og:type\" content=\"article\" \/>\n<meta property=\"og:title\" content=\"Politique de Cookies - Cottage rental\" \/>\n<meta property=\"og:url\" content=\"https:\/\/cottage-landhaus-gite.vallonchene.fr\/en\/politique-de-cookies\/\" \/>\n<meta property=\"og:site_name\" content=\"Cottage rental\" \/>\n<meta name=\"twitter:card\" content=\"summary_large_image\" \/>\n<script type=\"application\/ld+json\" class=\"yoast-schema-graph\">{\"@context\":\"https:\/\/schema.org\",\"@graph\":[{\"@type\":\"WebPage\",\"@id\":\"https:\/\/cottage-landhaus-gite.vallonchene.fr\/en\/politique-de-cookies\/\",\"url\":\"https:\/\/cottage-landhaus-gite.vallonchene.fr\/en\/politique-de-cookies\/\",\"name\":\"Politique de Cookies - Cottage rental\",\"isPartOf\":{\"@id\":\"https:\/\/cottage-landhaus-gite.vallonchene.fr\/en\/#website\"},\"datePublished\":\"2025-03-02T10:01:21+00:00\",\"breadcrumb\":{\"@id\":\"https:\/\/cottage-landhaus-gite.vallonchene.fr\/en\/politique-de-cookies\/#breadcrumb\"},\"inLanguage\":\"en-US\",\"potentialAction\":[{\"@type\":\"ReadAction\",\"target\":[\"https:\/\/cottage-landhaus-gite.vallonchene.fr\/en\/politique-de-cookies\/\"]}]},{\"@type\":\"BreadcrumbList\",\"@id\":\"https:\/\/cottage-landhaus-gite.vallonchene.fr\/en\/politique-de-cookies\/#breadcrumb\",\"itemListElement\":[{\"@type\":\"ListItem\",\"position\":1,\"name\":\"Accueil\",\"item\":\"https:\/\/cottage-landhaus-gite.vallonchene.fr\/en\/\"},{\"@type\":\"ListItem\",\"position\":2,\"name\":\"Politique de Cookies\"}]},{\"@type\":\"WebSite\",\"@id\":\"https:\/\/cottage-landhaus-gite.vallonchene.fr\/en\/#website\",\"url\":\"https:\/\/cottage-landhaus-gite.vallonchene.fr\/en\/\",\"name\":\"Cottage rental\",\"description\":\"\",\"publisher\":{\"@id\":\"https:\/\/cottage-landhaus-gite.vallonchene.fr\/en\/#organization\"},\"potentialAction\":[{\"@type\":\"SearchAction\",\"target\":{\"@type\":\"EntryPoint\",\"urlTemplate\":\"https:\/\/cottage-landhaus-gite.vallonchene.fr\/en\/?s={search_term_string}\"},\"query-input\":{\"@type\":\"PropertyValueSpecification\",\"valueRequired\":true,\"valueName\":\"search_term_string\"}}],\"inLanguage\":\"en-US\"},{\"@type\":\"Organization\",\"@id\":\"https:\/\/cottage-landhaus-gite.vallonchene.fr\/en\/#organization\",\"name\":\"Cottage rental\",\"url\":\"https:\/\/cottage-landhaus-gite.vallonchene.fr\/en\/\",\"logo\":{\"@type\":\"ImageObject\",\"inLanguage\":\"en-US\",\"@id\":\"https:\/\/cottage-landhaus-gite.vallonchene.fr\/en\/#\/schema\/logo\/image\/\",\"url\":\"https:\/\/cottage-landhaus-gite.vallonchene.fr\/wp-content\/uploads\/2025\/02\/Logo-du-gite-de-Vallonchene-avec-fond-transparent.png\",\"contentUrl\":\"https:\/\/cottage-landhaus-gite.vallonchene.fr\/wp-content\/uploads\/2025\/02\/Logo-du-gite-de-Vallonchene-avec-fond-transparent.png\",\"width\":683,\"height\":728,\"caption\":\"Cottage rental\"},\"image\":{\"@id\":\"https:\/\/cottage-landhaus-gite.vallonchene.fr\/en\/#\/schema\/logo\/image\/\"}}]}<\/script>\n<!-- \/ Yoast SEO plugin. -->","yoast_head_json":{"title":"Politique de Cookies - Cottage rental","robots":{"index":"index","follow":"follow","max-snippet":"max-snippet:-1","max-image-preview":"max-image-preview:large","max-video-preview":"max-video-preview:-1"},"canonical":"https:\/\/cottage-landhaus-gite.vallonchene.fr\/en\/politique-de-cookies\/","og_locale":"en_US","og_type":"article","og_title":"Politique de Cookies - Cottage rental","og_url":"https:\/\/cottage-landhaus-gite.vallonchene.fr\/en\/politique-de-cookies\/","og_site_name":"Cottage rental","twitter_card":"summary_large_image","schema":{"@context":"https:\/\/schema.org","@graph":[{"@type":"WebPage","@id":"https:\/\/cottage-landhaus-gite.vallonchene.fr\/en\/politique-de-cookies\/","url":"https:\/\/cottage-landhaus-gite.vallonchene.fr\/en\/politique-de-cookies\/","name":"Politique de Cookies - Cottage rental","isPartOf":{"@id":"https:\/\/cottage-landhaus-gite.vallonchene.fr\/en\/#website"},"datePublished":"2025-03-02T10:01:21+00:00","breadcrumb":{"@id":"https:\/\/cottage-landhaus-gite.vallonchene.fr\/en\/politique-de-cookies\/#breadcrumb"},"inLanguage":"en-US","potentialAction":[{"@type":"ReadAction","target":["https:\/\/cottage-landhaus-gite.vallonchene.fr\/en\/politique-de-cookies\/"]}]},{"@type":"BreadcrumbList","@id":"https:\/\/cottage-landhaus-gite.vallonchene.fr\/en\/politique-de-cookies\/#breadcrumb","itemListElement":[{"@type":"ListItem","position":1,"name":"Accueil","item":"https:\/\/cottage-landhaus-gite.vallonchene.fr\/en\/"},{"@type":"ListItem","position":2,"name":"Politique de Cookies"}]},{"@type":"WebSite","@id":"https:\/\/cottage-landhaus-gite.vallonchene.fr\/en\/#website","url":"https:\/\/cottage-landhaus-gite.vallonchene.fr\/en\/","name":"Cottage rental","description":"","publisher":{"@id":"https:\/\/cottage-landhaus-gite.vallonchene.fr\/en\/#organization"},"potentialAction":[{"@type":"SearchAction","target":{"@type":"EntryPoint","urlTemplate":"https:\/\/cottage-landhaus-gite.vallonchene.fr\/en\/?s={search_term_string}"},"query-input":{"@type":"PropertyValueSpecification","valueRequired":true,"valueName":"search_term_string"}}],"inLanguage":"en-US"},{"@type":"Organization","@id":"https:\/\/cottage-landhaus-gite.vallonchene.fr\/en\/#organization","name":"Cottage rental","url":"https:\/\/cottage-landhaus-gite.vallonchene.fr\/en\/","logo":{"@type":"ImageObject","inLanguage":"en-US","@id":"https:\/\/cottage-landhaus-gite.vallonchene.fr\/en\/#\/schema\/logo\/image\/","url":"https:\/\/cottage-landhaus-gite.vallonchene.fr\/wp-content\/uploads\/2025\/02\/Logo-du-gite-de-Vallonchene-avec-fond-transparent.png","contentUrl":"https:\/\/cottage-landhaus-gite.vallonchene.fr\/wp-content\/uploads\/2025\/02\/Logo-du-gite-de-Vallonchene-avec-fond-transparent.png","width":683,"height":728,"caption":"Cottage rental"},"image":{"@id":"https:\/\/cottage-landhaus-gite.vallonchene.fr\/en\/#\/schema\/logo\/image\/"}}]}},"_links":{"self":[{"href":"https:\/\/cottage-landhaus-gite.vallonchene.fr\/en\/wp-json\/wp\/v2\/pages\/341","targetHints":{"allow":["GET"]}}],"collection":[{"href":"https:\/\/cottage-landhaus-gite.vallonchene.fr\/en\/wp-json\/wp\/v2\/pages"}],"about":[{"href":"https:\/\/cottage-landhaus-gite.vallonchene.fr\/en\/wp-json\/wp\/v2\/types\/page"}],"author":[{"embeddable":true,"href":"https:\/\/cottage-landhaus-gite.vallonchene.fr\/en\/wp-json\/wp\/v2\/users\/1"}],"replies":[{"embeddable":true,"href":"https:\/\/cottage-landhaus-gite.vallonchene.fr\/en\/wp-json\/wp\/v2\/comments?post=341"}],"version-history":[{"count":0,"href":"https:\/\/cottage-landhaus-gite.vallonchene.fr\/en\/wp-json\/wp\/v2\/pages\/341\/revisions"}],"wp:attachment":[{"href":"https:\/\/cottage-landhaus-gite.vallonchene.fr\/en\/wp-json\/wp\/v2\/media?parent=341"}],"curies":[{"name":"wp","href":"https:\/\/api.w.org\/{rel}","templated":true}]}}