{"id":621,"date":"2025-08-15T17:52:41","date_gmt":"2025-08-15T16:52:41","guid":{"rendered":"https:\/\/cottage-landhaus-gite.vallonchene.fr\/?page_id=621"},"modified":"2025-08-15T17:58:41","modified_gmt":"2025-08-15T16:58:41","slug":"melden-sie-sich-jetzt-kostenlos-fuer-unser-treueprogramm-an","status":"publish","type":"page","link":"https:\/\/cottage-landhaus-gite.vallonchene.fr\/de\/melden-sie-sich-jetzt-kostenlos-fuer-unser-treueprogramm-an\/","title":{"rendered":"Melden Sie sich jetzt kostenlos f\u00fcr unser Treueprogramm an!"},"content":{"rendered":"\n<p>Werden Sie Teil der Landhaus Vallonch\u00eane-Gemeinschaft und profitieren Sie von exklusiven Angeboten, saisonalen Rabatten und besonderen Extras f\u00fcr unsere treuen G\u00e4ste.<\/p>\n\n\n<div class='fluentform ff-default fluentform_wrapper_4  ff_guten_block ff_guten_block-4 ffs_default_wrap'><form data-form_id=\"4\" id=\"fluentform_4\" class=\"frm-fluent-form fluent_form_4 ff-el-form-top ff_form_instance_4_1 ff-form-loading ffs_default\" data-form_instance=\"ff_form_instance_4_1\" method=\"POST\" ><fieldset  style=\"border: none!important;margin: 0!important;padding: 0!important;background-color: transparent!important;box-shadow: none!important;outline: none!important; min-inline-size: 100%;\">\n                    <legend class=\"ff_screen_reader_title\" style=\"display: block; margin: 0!important;padding: 0!important;height: 0!important;text-indent: -999999px;width: 0!important;overflow:hidden;\">DE Souscription<\/legend><input type='hidden' name='__fluent_form_embded_post_id' value='621' \/><input type=\"hidden\" id=\"_fluentform_4_fluentformnonce\" name=\"_fluentform_4_fluentformnonce\" value=\"4d2652d450\" \/><input type=\"hidden\" name=\"_wp_http_referer\" value=\"\/de\/wp-json\/wp\/v2\/pages\/621\" \/><div data-name=\"ff_cn_id_1\"  class='ff-t-container ff-column-container ff_columns_total_2 '><div class='ff-t-cell ff-t-column-1' style='flex-basis: 50%;'><div data-type=\"name-element\" data-name=\"names\" class=\" ff-field_container ff-name-field-wrapper\" ><div class='ff-t-container'><div class='ff-t-cell '><div class='ff-el-group ff-el-form-top'><div class=\"ff-el-input--label ff-el-is-required asterisk-right\"><label for='ff_4_names_first_name_' id='label_ff_4_names_first_name_' >Vorname<\/label><\/div><div class='ff-el-input--content'><input type=\"text\" name=\"names[first_name]\" id=\"ff_4_names_first_name_\" class=\"ff-el-form-control\" placeholder=\"Ihr Vorname\" aria-invalid=\"false\" aria-required=true><\/div><\/div><\/div><div class='ff-t-cell '><div class='ff-el-group ff-el-form-top'><div class=\"ff-el-input--label ff-el-is-required asterisk-right\"><label for='ff_4_names_last_name_' id='label_ff_4_names_last_name_' >Nachname<\/label><\/div><div class='ff-el-input--content'><input type=\"text\" name=\"names[last_name]\" id=\"ff_4_names_last_name_\" class=\"ff-el-form-control\" placeholder=\"Ihr Nachname\" aria-invalid=\"false\" aria-required=true><\/div><\/div><\/div><\/div><\/div><div class='ff-el-group'><div class='ff-el-input--content'><input type=\"email\" name=\"email\" id=\"ff_4_email\" class=\"ff-el-form-control\" placeholder=\"Ihre E-Mail\" data-name=\"email\"  aria-invalid=\"false\" aria-required=true><\/div><\/div><\/div><div class='ff-t-cell ff-t-column-2' style='flex-basis: 50%;'><div class='ff-el-group    ff-el-input--content'><div class='ff-el-form-check ff-el-tc'><label aria-label='Ich nehme am kostenlosen Treueprogramm, abonniere den Newsletter und stimme zu, dass diese Website die von mir gesendeten Informationen speichert.' class='ff-el-form-check-label ff_tc_label' for=gdpr-agreement_52c2da84d569ae31dfdc55a65cb0b54c><span class='ff_tc_checkbox'><input type=\"checkbox\" name=\"gdpr-agreement\" class=\"ff-el-form-check-input ff_gdpr_field\" data-name=\"gdpr-agreement\" id=\"gdpr-agreement_52c2da84d569ae31dfdc55a65cb0b54c\"  value='on' aria-invalid='false' aria-required=true><\/span> <div class='ff_t_c'>Ich nehme am kostenlosen Treueprogramm, abonniere den Newsletter und stimme zu, dass diese Website die von mir gesendeten Informationen speichert.<\/div><\/label><\/div><\/div><div class='ff-el-group ff-text-left ff_submit_btn_wrapper ff_submit_btn_wrapper_custom'><button class=\"ff-btn ff-btn-submit ff-btn-md ff_btn_style wpf_has_custom_css\" type=\"submit\" name=\"custom_submit_button-4_1\" data-name=\"custom_submit_button-4_1\"  aria-label=\"Gratis einschreiben\">Gratis einschreiben<\/button><style>form.fluent_form_4 .wpf_has_custom_css.ff-btn-submit { background-color:#1a7efb;border-color:#1a7efb;color:#ffffff;min-width:100%; }form.fluent_form_4 .wpf_has_custom_css.ff-btn-submit:hover { background-color:#ffffff;border-color:#1a7efb;color:#1a7efb;min-width:100%; } <\/style><\/div><\/div><\/div>\t\t<div id=\"cf-turnstile-fluent-1735449493\"\r\n\t\tclass=\"cf-turnstile\" \t\tdata-sitekey=\"0x4AAAAAAA_OskbvqzH6VuCk\"\r\n\t\tdata-theme=\"light\"\r\n\t\tdata-language=\"auto\"\r\n\t\tdata-size=\"normal\"\r\n\t\tdata-retry=\"auto\" data-retry-interval=\"1000\"\r\n\t\tdata-action=\"fluent-form-4\"\r\n\t\t\t\tdata-appearance=\"always\"><\/div>\r\n\t\t\t<script>document.addEventListener(\"DOMContentLoaded\", function() { setTimeout(function(){ var e=document.getElementById(\"cf-turnstile-fluent-1735449493\"); e&&!e.innerHTML.trim()&&(turnstile.remove(\"#cf-turnstile-fluent-1735449493\"), turnstile.render(\"#cf-turnstile-fluent-1735449493\", {sitekey:\"0x4AAAAAAA_OskbvqzH6VuCk\"})); }, 0); });<\/script>\r\n\t\t\t<br class=\"cf-turnstile-br cf-turnstile-br-fluent-1735449493\">\r\n\t\t\t\t<style>#cf-turnstile-fluent-1735449493 { margin-left: -15px; }<\/style>\r\n\t\t<\/fieldset><\/form><div id='fluentform_4_errors' class='ff-errors-in-stack ff_form_instance_4_1 ff-form-loading_errors ff_form_instance_4_1_errors'><\/div><\/div>            <script type=\"text\/javascript\">\n                window.fluent_form_ff_form_instance_4_1 = {\"id\":\"4\",\"settings\":{\"layout\":{\"labelPlacement\":\"top\",\"helpMessagePlacement\":\"with_label\",\"errorMessagePlacement\":\"inline\",\"asteriskPlacement\":\"asterisk-right\"},\"restrictions\":{\"denyEmptySubmission\":{\"enabled\":false}}},\"form_instance\":\"ff_form_instance_4_1\",\"form_id_selector\":\"fluentform_4\",\"rules\":{\"names[first_name]\":{\"required\":{\"value\":true,\"message\":\"Dieses Feld ist erforderlich\",\"global_message\":\"Ce champ est obligatoire\",\"global\":false}},\"names[middle_name]\":{\"required\":{\"value\":false,\"message\":\"Dieses Feld ist erforderlich\",\"global_message\":\"Ce champ est obligatoire\",\"global\":true}},\"names[last_name]\":{\"required\":{\"value\":true,\"message\":\"Dieses Feld ist erforderlich\",\"global_message\":\"Ce champ est obligatoire\",\"global\":false}},\"email\":{\"required\":{\"value\":true,\"message\":\"Dieses Feld ist erforderlich\",\"global\":false,\"global_message\":\"Ce champ est obligatoire\"},\"email\":{\"value\":true,\"message\":\"Dieses Feld muss eine korrekte E-Mail enthalten\",\"global\":false,\"global_message\":\"Ce champ doit contenir un e-mail valide\"}},\"gdpr-agreement\":{\"required\":{\"value\":true,\"message\":\"Dieses Feld ist erforderlich\",\"global_message\":\"Ce champ est obligatoire\",\"global\":true}}},\"debounce_time\":300};\n                            <\/script>\n            ","protected":false},"excerpt":{"rendered":"<p>Werden Sie Teil der Landhaus Vallonch\u00eane-Gemeinschaft und profitieren Sie von exklusiven Angeboten, saisonalen Rabatten und besonderen Extras f\u00fcr unsere treuen G\u00e4ste.<\/p>\n","protected":false},"author":1,"featured_media":0,"parent":0,"menu_order":0,"comment_status":"closed","ping_status":"closed","template":"","meta":{"footnotes":""},"class_list":["post-621","page","type-page","status-publish","hentry"],"yoast_head":"<!-- This site is optimized with the Yoast SEO plugin v26.5 - https:\/\/yoast.com\/wordpress\/plugins\/seo\/ -->\n<title>Melden Sie sich jetzt kostenlos f\u00fcr unser Treueprogramm an! - Landhaus-Vermietung<\/title>\n<meta name=\"robots\" content=\"index, follow, max-snippet:-1, max-image-preview:large, max-video-preview:-1\" \/>\n<link rel=\"canonical\" href=\"https:\/\/cottage-landhaus-gite.vallonchene.fr\/de\/melden-sie-sich-jetzt-kostenlos-fuer-unser-treueprogramm-an\/\" \/>\n<meta property=\"og:locale\" content=\"de_DE\" \/>\n<meta property=\"og:type\" content=\"article\" \/>\n<meta property=\"og:title\" content=\"Melden Sie sich jetzt kostenlos f\u00fcr unser Treueprogramm an! - Landhaus-Vermietung\" \/>\n<meta property=\"og:description\" content=\"Werden Sie Teil der Landhaus Vallonch\u00eane-Gemeinschaft und profitieren Sie von exklusiven Angeboten, saisonalen Rabatten und besonderen Extras f\u00fcr unsere treuen G\u00e4ste.\" \/>\n<meta property=\"og:url\" content=\"https:\/\/cottage-landhaus-gite.vallonchene.fr\/de\/melden-sie-sich-jetzt-kostenlos-fuer-unser-treueprogramm-an\/\" \/>\n<meta property=\"og:site_name\" content=\"Landhaus-Vermietung\" \/>\n<meta property=\"article:modified_time\" content=\"2025-08-15T16:58:41+00:00\" \/>\n<meta name=\"twitter:card\" content=\"summary_large_image\" \/>\n<meta name=\"twitter:label1\" content=\"Gesch\u00e4tzte Lesezeit\" \/>\n\t<meta name=\"twitter:data1\" content=\"1\u00a0Minute\" \/>\n<script type=\"application\/ld+json\" class=\"yoast-schema-graph\">{\"@context\":\"https:\/\/schema.org\",\"@graph\":[{\"@type\":\"WebPage\",\"@id\":\"https:\/\/cottage-landhaus-gite.vallonchene.fr\/de\/melden-sie-sich-jetzt-kostenlos-fuer-unser-treueprogramm-an\/\",\"url\":\"https:\/\/cottage-landhaus-gite.vallonchene.fr\/de\/melden-sie-sich-jetzt-kostenlos-fuer-unser-treueprogramm-an\/\",\"name\":\"Melden Sie sich jetzt kostenlos f\u00fcr unser Treueprogramm an! - Landhaus-Vermietung\",\"isPartOf\":{\"@id\":\"https:\/\/cottage-landhaus-gite.vallonchene.fr\/de\/#website\"},\"datePublished\":\"2025-08-15T16:52:41+00:00\",\"dateModified\":\"2025-08-15T16:58:41+00:00\",\"breadcrumb\":{\"@id\":\"https:\/\/cottage-landhaus-gite.vallonchene.fr\/de\/melden-sie-sich-jetzt-kostenlos-fuer-unser-treueprogramm-an\/#breadcrumb\"},\"inLanguage\":\"de\",\"potentialAction\":[{\"@type\":\"ReadAction\",\"target\":[\"https:\/\/cottage-landhaus-gite.vallonchene.fr\/de\/melden-sie-sich-jetzt-kostenlos-fuer-unser-treueprogramm-an\/\"]}]},{\"@type\":\"BreadcrumbList\",\"@id\":\"https:\/\/cottage-landhaus-gite.vallonchene.fr\/de\/melden-sie-sich-jetzt-kostenlos-fuer-unser-treueprogramm-an\/#breadcrumb\",\"itemListElement\":[{\"@type\":\"ListItem\",\"position\":1,\"name\":\"Accueil\",\"item\":\"https:\/\/cottage-landhaus-gite.vallonchene.fr\/de\/\"},{\"@type\":\"ListItem\",\"position\":2,\"name\":\"Melden Sie sich jetzt kostenlos f\u00fcr unser Treueprogramm an!\"}]},{\"@type\":\"WebSite\",\"@id\":\"https:\/\/cottage-landhaus-gite.vallonchene.fr\/de\/#website\",\"url\":\"https:\/\/cottage-landhaus-gite.vallonchene.fr\/de\/\",\"name\":\"Landhaus-Vermietung\",\"description\":\"\",\"publisher\":{\"@id\":\"https:\/\/cottage-landhaus-gite.vallonchene.fr\/de\/#organization\"},\"potentialAction\":[{\"@type\":\"SearchAction\",\"target\":{\"@type\":\"EntryPoint\",\"urlTemplate\":\"https:\/\/cottage-landhaus-gite.vallonchene.fr\/de\/?s={search_term_string}\"},\"query-input\":{\"@type\":\"PropertyValueSpecification\",\"valueRequired\":true,\"valueName\":\"search_term_string\"}}],\"inLanguage\":\"de\"},{\"@type\":\"Organization\",\"@id\":\"https:\/\/cottage-landhaus-gite.vallonchene.fr\/de\/#organization\",\"name\":\"Landhaus-Vermietung\",\"url\":\"https:\/\/cottage-landhaus-gite.vallonchene.fr\/de\/\",\"logo\":{\"@type\":\"ImageObject\",\"inLanguage\":\"de\",\"@id\":\"https:\/\/cottage-landhaus-gite.vallonchene.fr\/de\/#\/schema\/logo\/image\/\",\"url\":\"https:\/\/cottage-landhaus-gite.vallonchene.fr\/wp-content\/uploads\/2025\/02\/Logo-du-gite-de-Vallonchene-avec-fond-transparent.png\",\"contentUrl\":\"https:\/\/cottage-landhaus-gite.vallonchene.fr\/wp-content\/uploads\/2025\/02\/Logo-du-gite-de-Vallonchene-avec-fond-transparent.png\",\"width\":683,\"height\":728,\"caption\":\"Landhaus-Vermietung\"},\"image\":{\"@id\":\"https:\/\/cottage-landhaus-gite.vallonchene.fr\/de\/#\/schema\/logo\/image\/\"}}]}<\/script>\n<!-- \/ Yoast SEO plugin. -->","yoast_head_json":{"title":"Melden Sie sich jetzt kostenlos f\u00fcr unser Treueprogramm an! - Landhaus-Vermietung","robots":{"index":"index","follow":"follow","max-snippet":"max-snippet:-1","max-image-preview":"max-image-preview:large","max-video-preview":"max-video-preview:-1"},"canonical":"https:\/\/cottage-landhaus-gite.vallonchene.fr\/de\/melden-sie-sich-jetzt-kostenlos-fuer-unser-treueprogramm-an\/","og_locale":"de_DE","og_type":"article","og_title":"Melden Sie sich jetzt kostenlos f\u00fcr unser Treueprogramm an! - Landhaus-Vermietung","og_description":"Werden Sie Teil der Landhaus Vallonch\u00eane-Gemeinschaft und profitieren Sie von exklusiven Angeboten, saisonalen Rabatten und besonderen Extras f\u00fcr unsere treuen G\u00e4ste.","og_url":"https:\/\/cottage-landhaus-gite.vallonchene.fr\/de\/melden-sie-sich-jetzt-kostenlos-fuer-unser-treueprogramm-an\/","og_site_name":"Landhaus-Vermietung","article_modified_time":"2025-08-15T16:58:41+00:00","twitter_card":"summary_large_image","twitter_misc":{"Gesch\u00e4tzte Lesezeit":"1\u00a0Minute"},"schema":{"@context":"https:\/\/schema.org","@graph":[{"@type":"WebPage","@id":"https:\/\/cottage-landhaus-gite.vallonchene.fr\/de\/melden-sie-sich-jetzt-kostenlos-fuer-unser-treueprogramm-an\/","url":"https:\/\/cottage-landhaus-gite.vallonchene.fr\/de\/melden-sie-sich-jetzt-kostenlos-fuer-unser-treueprogramm-an\/","name":"Melden Sie sich jetzt kostenlos f\u00fcr unser Treueprogramm an! - Landhaus-Vermietung","isPartOf":{"@id":"https:\/\/cottage-landhaus-gite.vallonchene.fr\/de\/#website"},"datePublished":"2025-08-15T16:52:41+00:00","dateModified":"2025-08-15T16:58:41+00:00","breadcrumb":{"@id":"https:\/\/cottage-landhaus-gite.vallonchene.fr\/de\/melden-sie-sich-jetzt-kostenlos-fuer-unser-treueprogramm-an\/#breadcrumb"},"inLanguage":"de","potentialAction":[{"@type":"ReadAction","target":["https:\/\/cottage-landhaus-gite.vallonchene.fr\/de\/melden-sie-sich-jetzt-kostenlos-fuer-unser-treueprogramm-an\/"]}]},{"@type":"BreadcrumbList","@id":"https:\/\/cottage-landhaus-gite.vallonchene.fr\/de\/melden-sie-sich-jetzt-kostenlos-fuer-unser-treueprogramm-an\/#breadcrumb","itemListElement":[{"@type":"ListItem","position":1,"name":"Accueil","item":"https:\/\/cottage-landhaus-gite.vallonchene.fr\/de\/"},{"@type":"ListItem","position":2,"name":"Melden Sie sich jetzt kostenlos f\u00fcr unser Treueprogramm an!"}]},{"@type":"WebSite","@id":"https:\/\/cottage-landhaus-gite.vallonchene.fr\/de\/#website","url":"https:\/\/cottage-landhaus-gite.vallonchene.fr\/de\/","name":"Landhaus-Vermietung","description":"","publisher":{"@id":"https:\/\/cottage-landhaus-gite.vallonchene.fr\/de\/#organization"},"potentialAction":[{"@type":"SearchAction","target":{"@type":"EntryPoint","urlTemplate":"https:\/\/cottage-landhaus-gite.vallonchene.fr\/de\/?s={search_term_string}"},"query-input":{"@type":"PropertyValueSpecification","valueRequired":true,"valueName":"search_term_string"}}],"inLanguage":"de"},{"@type":"Organization","@id":"https:\/\/cottage-landhaus-gite.vallonchene.fr\/de\/#organization","name":"Landhaus-Vermietung","url":"https:\/\/cottage-landhaus-gite.vallonchene.fr\/de\/","logo":{"@type":"ImageObject","inLanguage":"de","@id":"https:\/\/cottage-landhaus-gite.vallonchene.fr\/de\/#\/schema\/logo\/image\/","url":"https:\/\/cottage-landhaus-gite.vallonchene.fr\/wp-content\/uploads\/2025\/02\/Logo-du-gite-de-Vallonchene-avec-fond-transparent.png","contentUrl":"https:\/\/cottage-landhaus-gite.vallonchene.fr\/wp-content\/uploads\/2025\/02\/Logo-du-gite-de-Vallonchene-avec-fond-transparent.png","width":683,"height":728,"caption":"Landhaus-Vermietung"},"image":{"@id":"https:\/\/cottage-landhaus-gite.vallonchene.fr\/de\/#\/schema\/logo\/image\/"}}]}},"_links":{"self":[{"href":"https:\/\/cottage-landhaus-gite.vallonchene.fr\/de\/wp-json\/wp\/v2\/pages\/621","targetHints":{"allow":["GET"]}}],"collection":[{"href":"https:\/\/cottage-landhaus-gite.vallonchene.fr\/de\/wp-json\/wp\/v2\/pages"}],"about":[{"href":"https:\/\/cottage-landhaus-gite.vallonchene.fr\/de\/wp-json\/wp\/v2\/types\/page"}],"author":[{"embeddable":true,"href":"https:\/\/cottage-landhaus-gite.vallonchene.fr\/de\/wp-json\/wp\/v2\/users\/1"}],"replies":[{"embeddable":true,"href":"https:\/\/cottage-landhaus-gite.vallonchene.fr\/de\/wp-json\/wp\/v2\/comments?post=621"}],"version-history":[{"count":2,"href":"https:\/\/cottage-landhaus-gite.vallonchene.fr\/de\/wp-json\/wp\/v2\/pages\/621\/revisions"}],"predecessor-version":[{"id":625,"href":"https:\/\/cottage-landhaus-gite.vallonchene.fr\/de\/wp-json\/wp\/v2\/pages\/621\/revisions\/625"}],"wp:attachment":[{"href":"https:\/\/cottage-landhaus-gite.vallonchene.fr\/de\/wp-json\/wp\/v2\/media?parent=621"}],"curies":[{"name":"wp","href":"https:\/\/api.w.org\/{rel}","templated":true}]}}