{"id":358,"date":"2025-02-23T11:12:39","date_gmt":"2025-02-23T10:12:39","guid":{"rendered":"https:\/\/cottage-landhaus-gite.vallonchene.fr\/datenschutzerklaerung\/"},"modified":"2025-03-02T11:41:58","modified_gmt":"2025-03-02T10:41:58","slug":"datenschutzerklaerung","status":"publish","type":"page","link":"https:\/\/cottage-landhaus-gite.vallonchene.fr\/de\/datenschutzerklaerung\/","title":{"rendered":"Datenschutzerkl\u00e4rung"},"content":{"rendered":"\n<h2 class=\"wp-block-heading\">Wer wir sind<\/h2>\n\n<p>Die Adresse unserer Website lautet: https:\/\/cottage-landhaus-gite.vallonchene.fr\/. Siehe auch <a href=\"https:\/\/cottage-landhaus-gite.vallonchene.fr\/de\/rechtliche-hinweise\/\">Rechtliche Hinweise<\/a>.<\/p>\n\n<h2 class=\"wp-block-heading\">Kommentare<\/h2>\n\n<p>Wenn Besucher Kommentare auf der Website hinterlassen, sammeln wir die im Kommentarformular angezeigten Daten sowie die IP-Adresse und die Browser-Benutzer-Agent-Zeichenfolge des Besuchers, um die Spam-Erkennung zu unterst\u00fctzen. <\/p>\n\n<h2 class=\"wp-block-heading\">Medien<\/h2>\n\n<p>Wenn Sie Bilder auf die Website hochladen, sollten Sie vermeiden, Bilder mit eingebetteten Standortdaten (EXIF GPS) hochzuladen. Besucher der Website k\u00f6nnen alle Standortdaten aus den auf der Website verf\u00fcgbaren Bildern herunterladen und extrahieren. <\/p>\n\n<h2 class=\"wp-block-heading\">Cookies<\/h2>\n\n<p>Wenn Sie einen Kommentar auf unserer Website hinterlassen, k\u00f6nnen Sie sich daf\u00fcr entscheiden, Ihren Namen, Ihre E-Mail-Adresse und Ihre Website in Cookies zu speichern. Diese dienen zu Ihrem Komfort, damit Sie Ihre Daten nicht erneut eingeben m\u00fcssen, wenn Sie einen weiteren Kommentar hinterlassen. Diese Cookies bleiben ein Jahr lang gespeichert.<\/p>\n\n<p>Wenn Sie unsere Login-Seite besuchen, setzen wir ein tempor\u00e4res Cookie, um festzustellen, ob Ihr Browser Cookies akzeptiert. Dieses Cookie enth\u00e4lt keine pers\u00f6nlichen Daten und wird gel\u00f6scht, wenn Sie Ihren Browser schlie\u00dfen. <\/p>\n\n<p>Wenn Sie sich einloggen, richten wir auch mehrere Cookies ein, um Ihre Login-Informationen und Ihre Bildschirmanzeigeoptionen zu speichern. Login-Cookies bleiben zwei Tage lang bestehen, und Bildschirmoptionen-Cookies bleiben ein Jahr lang bestehen. Wenn Sie \u201eErinnere mich\u201c ausw\u00e4hlen, bleibt Ihr Login zwei Wochen lang bestehen. Wenn Sie sich von Ihrem Konto abmelden, werden die Login-Cookies entfernt.   <\/p>\n\n<p>Wenn Sie einen Artikel bearbeiten oder ver\u00f6ffentlichen, wird ein zus\u00e4tzliches Cookie in Ihrem Browser gespeichert. Dieses Cookie enth\u00e4lt keine pers\u00f6nlichen Daten und zeigt lediglich die ID des Artikels an, den Sie gerade bearbeitet haben. Es l\u00e4uft nach einem Tag ab.   <\/p>\n\n<h2 class=\"wp-block-heading\">Eingebettete Inhalte von anderen Websites<\/h2>\n\n<p>Artikel auf dieser Website k\u00f6nnen eingebettete Inhalte enthalten (z.B. Videos, Bilder, Artikel usw.). Eingebettete Inhalte von anderen Websites verhalten sich genau so, als ob der Besucher die andere Website besucht h\u00e4tte. <\/p>\n\n<p>Diese Websites k\u00f6nnen Daten \u00fcber Sie sammeln, Cookies verwenden, zus\u00e4tzliche Drittanbieter-\u00dcberwachung einbetten und Ihre Interaktion mit diesem eingebetteten Inhalt \u00fcberwachen, einschlie\u00dflich der Verfolgung Ihrer Interaktion mit dem eingebetteten Inhalt, wenn Sie ein Konto haben und auf dieser Website angemeldet sind. <\/p>\n\n<h2 class=\"wp-block-heading\">Mit wem wir Ihre Daten teilen<\/h2>\n\n<p>Wenn Sie ein Passwort-Reset anfordern, wird Ihre IP-Adresse in der Reset-E-Mail enthalten sein. <\/p>\n\n<h2 class=\"wp-block-heading\">Wie lange wir Ihre Daten speichern<\/h2>\n\n<p>Wenn Sie einen Kommentar hinterlassen, werden der Kommentar und seine Metadaten unbegrenzt gespeichert. Dies dient dazu, dass wir nachfolgende Kommentare automatisch erkennen und genehmigen k\u00f6nnen, anstatt sie in eine Moderationswarteschlange zu stellen. <\/p>\n\n<p>F\u00fcr Benutzer, die sich auf unserer Website registrieren (falls vorhanden), speichern wir auch die pers\u00f6nlichen Informationen, die sie in ihrem Benutzerprofil angeben. Alle Benutzer k\u00f6nnen ihre pers\u00f6nlichen Informationen jederzeit einsehen, bearbeiten oder l\u00f6schen (au\u00dfer dass sie ihren Benutzernamen nicht \u00e4ndern k\u00f6nnen). Website-Administratoren k\u00f6nnen diese Informationen ebenfalls einsehen und bearbeiten.   <\/p>\n\n<h2 class=\"wp-block-heading\">Welche Rechte Sie an Ihren Daten haben<\/h2>\n\n<p>Wenn Sie ein Konto auf dieser Website haben oder Kommentare hinterlassen haben, k\u00f6nnen Sie eine exportierte Datei der pers\u00f6nlichen Daten anfordern, die wir \u00fcber Sie gespeichert haben, einschlie\u00dflich aller Daten, die Sie uns zur Verf\u00fcgung gestellt haben. Sie k\u00f6nnen auch verlangen, dass wir alle pers\u00f6nlichen Daten, die wir \u00fcber Sie gespeichert haben, l\u00f6schen. Dies schlie\u00dft keine Daten ein, die wir f\u00fcr administrative, rechtliche oder Sicherheitszwecke aufbewahren m\u00fcssen.   <\/p>\n\n<h2 class=\"wp-block-heading\">Wohin Ihre Daten gesendet werden<\/h2>\n\n<p>Besucherkommentare k\u00f6nnen durch einen automatisierten Spam-Erkennungsdienst \u00fcberpr\u00fcft werden.<\/p>\n","protected":false},"excerpt":{"rendered":"<p>Wer wir sind Die Adresse unserer Website lautet: https:\/\/cottage-landhaus-gite.vallonchene.fr\/. Siehe auch Rechtliche Hinweise. Kommentare Wenn Besucher Kommentare auf der Website hinterlassen, sammeln wir die im Kommentarformular angezeigten Daten sowie die IP-Adresse und die Browser-Benutzer-Agent-Zeichenfolge des Besuchers, um die Spam-Erkennung zu unterst\u00fctzen. Medien Wenn Sie Bilder auf die Website hochladen, sollten Sie vermeiden, Bilder mit eingebetteten [&hellip;]<\/p>\n","protected":false},"author":1,"featured_media":0,"parent":0,"menu_order":0,"comment_status":"closed","ping_status":"open","template":"","meta":{"footnotes":""},"class_list":["post-358","page","type-page","status-publish","hentry"],"yoast_head":"<!-- This site is optimized with the Yoast SEO plugin v26.5 - https:\/\/yoast.com\/wordpress\/plugins\/seo\/ -->\n<title>Datenschutzerkl\u00e4rung - Landhaus-Vermietung<\/title>\n<meta name=\"robots\" content=\"index, follow, max-snippet:-1, max-image-preview:large, max-video-preview:-1\" \/>\n<link rel=\"canonical\" href=\"https:\/\/cottage-landhaus-gite.vallonchene.fr\/de\/datenschutzerklaerung\/\" \/>\n<meta property=\"og:locale\" content=\"de_DE\" \/>\n<meta property=\"og:type\" content=\"article\" \/>\n<meta property=\"og:title\" content=\"Datenschutzerkl\u00e4rung - Landhaus-Vermietung\" \/>\n<meta property=\"og:description\" content=\"Wer wir sind Die Adresse unserer Website lautet: https:\/\/cottage-landhaus-gite.vallonchene.fr\/. Siehe auch Rechtliche Hinweise. Kommentare Wenn Besucher Kommentare auf der Website hinterlassen, sammeln wir die im Kommentarformular angezeigten Daten sowie die IP-Adresse und die Browser-Benutzer-Agent-Zeichenfolge des Besuchers, um die Spam-Erkennung zu unterst\u00fctzen. Medien Wenn Sie Bilder auf die Website hochladen, sollten Sie vermeiden, Bilder mit eingebetteten [&hellip;]\" \/>\n<meta property=\"og:url\" content=\"https:\/\/cottage-landhaus-gite.vallonchene.fr\/de\/datenschutzerklaerung\/\" \/>\n<meta property=\"og:site_name\" content=\"Landhaus-Vermietung\" \/>\n<meta property=\"article:modified_time\" content=\"2025-03-02T10:41:58+00:00\" \/>\n<meta name=\"twitter:card\" content=\"summary_large_image\" \/>\n<meta name=\"twitter:label1\" content=\"Gesch\u00e4tzte Lesezeit\" \/>\n\t<meta name=\"twitter:data1\" content=\"3\u00a0Minuten\" \/>\n<script type=\"application\/ld+json\" class=\"yoast-schema-graph\">{\"@context\":\"https:\/\/schema.org\",\"@graph\":[{\"@type\":\"WebPage\",\"@id\":\"https:\/\/cottage-landhaus-gite.vallonchene.fr\/de\/datenschutzerklaerung\/\",\"url\":\"https:\/\/cottage-landhaus-gite.vallonchene.fr\/de\/datenschutzerklaerung\/\",\"name\":\"Datenschutzerkl\u00e4rung - Landhaus-Vermietung\",\"isPartOf\":{\"@id\":\"https:\/\/cottage-landhaus-gite.vallonchene.fr\/de\/#website\"},\"datePublished\":\"2025-02-23T10:12:39+00:00\",\"dateModified\":\"2025-03-02T10:41:58+00:00\",\"breadcrumb\":{\"@id\":\"https:\/\/cottage-landhaus-gite.vallonchene.fr\/de\/datenschutzerklaerung\/#breadcrumb\"},\"inLanguage\":\"de\",\"potentialAction\":[{\"@type\":\"ReadAction\",\"target\":[\"https:\/\/cottage-landhaus-gite.vallonchene.fr\/de\/datenschutzerklaerung\/\"]}]},{\"@type\":\"BreadcrumbList\",\"@id\":\"https:\/\/cottage-landhaus-gite.vallonchene.fr\/de\/datenschutzerklaerung\/#breadcrumb\",\"itemListElement\":[{\"@type\":\"ListItem\",\"position\":1,\"name\":\"Accueil\",\"item\":\"https:\/\/cottage-landhaus-gite.vallonchene.fr\/de\/\"},{\"@type\":\"ListItem\",\"position\":2,\"name\":\"Datenschutzerkl\u00e4rung\"}]},{\"@type\":\"WebSite\",\"@id\":\"https:\/\/cottage-landhaus-gite.vallonchene.fr\/de\/#website\",\"url\":\"https:\/\/cottage-landhaus-gite.vallonchene.fr\/de\/\",\"name\":\"Landhaus-Vermietung\",\"description\":\"\",\"publisher\":{\"@id\":\"https:\/\/cottage-landhaus-gite.vallonchene.fr\/de\/#organization\"},\"potentialAction\":[{\"@type\":\"SearchAction\",\"target\":{\"@type\":\"EntryPoint\",\"urlTemplate\":\"https:\/\/cottage-landhaus-gite.vallonchene.fr\/de\/?s={search_term_string}\"},\"query-input\":{\"@type\":\"PropertyValueSpecification\",\"valueRequired\":true,\"valueName\":\"search_term_string\"}}],\"inLanguage\":\"de\"},{\"@type\":\"Organization\",\"@id\":\"https:\/\/cottage-landhaus-gite.vallonchene.fr\/de\/#organization\",\"name\":\"Landhaus-Vermietung\",\"url\":\"https:\/\/cottage-landhaus-gite.vallonchene.fr\/de\/\",\"logo\":{\"@type\":\"ImageObject\",\"inLanguage\":\"de\",\"@id\":\"https:\/\/cottage-landhaus-gite.vallonchene.fr\/de\/#\/schema\/logo\/image\/\",\"url\":\"https:\/\/cottage-landhaus-gite.vallonchene.fr\/wp-content\/uploads\/2025\/02\/Logo-du-gite-de-Vallonchene-avec-fond-transparent.png\",\"contentUrl\":\"https:\/\/cottage-landhaus-gite.vallonchene.fr\/wp-content\/uploads\/2025\/02\/Logo-du-gite-de-Vallonchene-avec-fond-transparent.png\",\"width\":683,\"height\":728,\"caption\":\"Landhaus-Vermietung\"},\"image\":{\"@id\":\"https:\/\/cottage-landhaus-gite.vallonchene.fr\/de\/#\/schema\/logo\/image\/\"}}]}<\/script>\n<!-- \/ Yoast SEO plugin. -->","yoast_head_json":{"title":"Datenschutzerkl\u00e4rung - Landhaus-Vermietung","robots":{"index":"index","follow":"follow","max-snippet":"max-snippet:-1","max-image-preview":"max-image-preview:large","max-video-preview":"max-video-preview:-1"},"canonical":"https:\/\/cottage-landhaus-gite.vallonchene.fr\/de\/datenschutzerklaerung\/","og_locale":"de_DE","og_type":"article","og_title":"Datenschutzerkl\u00e4rung - Landhaus-Vermietung","og_description":"Wer wir sind Die Adresse unserer Website lautet: https:\/\/cottage-landhaus-gite.vallonchene.fr\/. Siehe auch Rechtliche Hinweise. Kommentare Wenn Besucher Kommentare auf der Website hinterlassen, sammeln wir die im Kommentarformular angezeigten Daten sowie die IP-Adresse und die Browser-Benutzer-Agent-Zeichenfolge des Besuchers, um die Spam-Erkennung zu unterst\u00fctzen. Medien Wenn Sie Bilder auf die Website hochladen, sollten Sie vermeiden, Bilder mit eingebetteten [&hellip;]","og_url":"https:\/\/cottage-landhaus-gite.vallonchene.fr\/de\/datenschutzerklaerung\/","og_site_name":"Landhaus-Vermietung","article_modified_time":"2025-03-02T10:41:58+00:00","twitter_card":"summary_large_image","twitter_misc":{"Gesch\u00e4tzte Lesezeit":"3\u00a0Minuten"},"schema":{"@context":"https:\/\/schema.org","@graph":[{"@type":"WebPage","@id":"https:\/\/cottage-landhaus-gite.vallonchene.fr\/de\/datenschutzerklaerung\/","url":"https:\/\/cottage-landhaus-gite.vallonchene.fr\/de\/datenschutzerklaerung\/","name":"Datenschutzerkl\u00e4rung - Landhaus-Vermietung","isPartOf":{"@id":"https:\/\/cottage-landhaus-gite.vallonchene.fr\/de\/#website"},"datePublished":"2025-02-23T10:12:39+00:00","dateModified":"2025-03-02T10:41:58+00:00","breadcrumb":{"@id":"https:\/\/cottage-landhaus-gite.vallonchene.fr\/de\/datenschutzerklaerung\/#breadcrumb"},"inLanguage":"de","potentialAction":[{"@type":"ReadAction","target":["https:\/\/cottage-landhaus-gite.vallonchene.fr\/de\/datenschutzerklaerung\/"]}]},{"@type":"BreadcrumbList","@id":"https:\/\/cottage-landhaus-gite.vallonchene.fr\/de\/datenschutzerklaerung\/#breadcrumb","itemListElement":[{"@type":"ListItem","position":1,"name":"Accueil","item":"https:\/\/cottage-landhaus-gite.vallonchene.fr\/de\/"},{"@type":"ListItem","position":2,"name":"Datenschutzerkl\u00e4rung"}]},{"@type":"WebSite","@id":"https:\/\/cottage-landhaus-gite.vallonchene.fr\/de\/#website","url":"https:\/\/cottage-landhaus-gite.vallonchene.fr\/de\/","name":"Landhaus-Vermietung","description":"","publisher":{"@id":"https:\/\/cottage-landhaus-gite.vallonchene.fr\/de\/#organization"},"potentialAction":[{"@type":"SearchAction","target":{"@type":"EntryPoint","urlTemplate":"https:\/\/cottage-landhaus-gite.vallonchene.fr\/de\/?s={search_term_string}"},"query-input":{"@type":"PropertyValueSpecification","valueRequired":true,"valueName":"search_term_string"}}],"inLanguage":"de"},{"@type":"Organization","@id":"https:\/\/cottage-landhaus-gite.vallonchene.fr\/de\/#organization","name":"Landhaus-Vermietung","url":"https:\/\/cottage-landhaus-gite.vallonchene.fr\/de\/","logo":{"@type":"ImageObject","inLanguage":"de","@id":"https:\/\/cottage-landhaus-gite.vallonchene.fr\/de\/#\/schema\/logo\/image\/","url":"https:\/\/cottage-landhaus-gite.vallonchene.fr\/wp-content\/uploads\/2025\/02\/Logo-du-gite-de-Vallonchene-avec-fond-transparent.png","contentUrl":"https:\/\/cottage-landhaus-gite.vallonchene.fr\/wp-content\/uploads\/2025\/02\/Logo-du-gite-de-Vallonchene-avec-fond-transparent.png","width":683,"height":728,"caption":"Landhaus-Vermietung"},"image":{"@id":"https:\/\/cottage-landhaus-gite.vallonchene.fr\/de\/#\/schema\/logo\/image\/"}}]}},"_links":{"self":[{"href":"https:\/\/cottage-landhaus-gite.vallonchene.fr\/de\/wp-json\/wp\/v2\/pages\/358","targetHints":{"allow":["GET"]}}],"collection":[{"href":"https:\/\/cottage-landhaus-gite.vallonchene.fr\/de\/wp-json\/wp\/v2\/pages"}],"about":[{"href":"https:\/\/cottage-landhaus-gite.vallonchene.fr\/de\/wp-json\/wp\/v2\/types\/page"}],"author":[{"embeddable":true,"href":"https:\/\/cottage-landhaus-gite.vallonchene.fr\/de\/wp-json\/wp\/v2\/users\/1"}],"replies":[{"embeddable":true,"href":"https:\/\/cottage-landhaus-gite.vallonchene.fr\/de\/wp-json\/wp\/v2\/comments?post=358"}],"version-history":[{"count":0,"href":"https:\/\/cottage-landhaus-gite.vallonchene.fr\/de\/wp-json\/wp\/v2\/pages\/358\/revisions"}],"wp:attachment":[{"href":"https:\/\/cottage-landhaus-gite.vallonchene.fr\/de\/wp-json\/wp\/v2\/media?parent=358"}],"curies":[{"name":"wp","href":"https:\/\/api.w.org\/{rel}","templated":true}]}}