{"id":225,"date":"2025-02-28T16:04:25","date_gmt":"2025-02-28T15:04:25","guid":{"rendered":"https:\/\/cottage-landhaus-gite.vallonchene.fr\/preise-und-dienstleistungen\/"},"modified":"2025-08-15T18:05:20","modified_gmt":"2025-08-15T17:05:20","slug":"preise-und-dienstleistungen","status":"publish","type":"page","link":"https:\/\/cottage-landhaus-gite.vallonchene.fr\/de\/preise-und-dienstleistungen\/","title":{"rendered":"Preise und Dienstleistungen"},"content":{"rendered":"\n<p>Jeder Aufenthalt in Vallonch\u00eane ist eine Einladung zur Erholung und Entdeckung.<br> Hier sind die Details zu unseren Preisen:<\/p>\n\n\n\n<p><strong>\u2022 Preise pro Nacht (f\u00fcr 1 bis max. 4 Personen):<\/strong><\/p>\n\n\n\n<figure class=\"wp-block-table\"><table class=\"has-fixed-layout\"><tbody><tr><td>Gesamtzahl der N\u00e4chte<\/td><td>Preis pro Nacht f\u00fcr 1 bis 2 Personen<\/td><td>Aufpreis f\u00fcr 3 bis 4 Personen<\/td><\/tr><tr><td>1 <\/td><td>399 \u20ac<\/td><td>40 \u20ac \/ Pers. \/ Nacht<\/td><\/tr><tr><td>2<\/td><td>238 \u20ac<\/td><td>40 \u20ac \/ Pers. \/ Nacht<\/td><\/tr><tr><td>3<\/td><td>159 \u20ac<\/td><td>40 \u20ac \/ Pers. \/ Nacht<\/td><\/tr><tr><td>4 oder mehr<\/td><td>119 \u20ac<\/td><td>40 \u20ac \/ Pers. \/ Nacht<\/td><\/tr><\/tbody><\/table><\/figure>\n\n\n\n<p>Die Reservierung beinhaltet nicht das Recht, den privaten Botanischen Garten zu besuchen. Es ist jedoch eine kostenpflichtige F\u00fchrung (gegen Aufpreis) m\u00f6glich.<\/p>\n\n\n\n<p><strong>\u2022 Wir hei\u00dfen nur Reisende willkommen, die Entspannung und Erholung suchen. Gesch\u00e4ftsreisende sind nicht gestattet.<\/strong><\/p>\n\n\n\n<p><strong>\u2022 Kinder:<\/strong> Aufgrund der Gegebenheiten des Anwesens sind Kinder unter 18 Jahren nicht zugelassen.<\/p>\n\n\n\n<p><strong>\u2022 Tiere:<\/strong> Tiere sind nicht erlaubt.<\/p>\n\n\n\n<p><strong>\u2022 Rabatt:<\/strong> Unsere treuen G\u00e4ste verdienen nur das Beste \u2013 <a href=\"https:\/\/cottage-landhaus-gite.vallonchene.fr\/de\/melden-sie-sich-jetzt-kostenlos-fuer-unser-treueprogramm-an\/\">melden Sie sich kostenlos an und profitieren Sie von exklusiven Verg\u00fcnstigungen.<\/a><\/p>\n\n\n\n<p><strong>\u2022 Zahlung:<\/strong><\/p>\n\n\n\n<ul class=\"wp-block-list\">\n<li>Bargeld<\/li>\n\n\n\n<li>Bank\u00fcberweisung<\/li>\n<\/ul>\n\n\n\n<p>Sie m\u00fcssen bei der Buchung 50 % Anzahlung leisten. Die Anzahlung ist im Falle einer Stornierung oder eines Nichterscheinens nicht erstattungsf\u00e4hig.<\/p>\n\n\n\n<p>Der Restbetrag der Buchung sowie die Kaution sind bei der Ankunft zu zahlen.<\/p>\n\n\n\n<p><strong>\u2022 Kaution:<\/strong> Eine Kaution von 300 \u20ac in bar (gegen Quittung) wird bei der Ankunft verlangt und am Ende des Aufenthalts unter Vorbehalt eines zufriedenstellenden Inventars zur\u00fcckerstattet.<\/p>\n\n\n\n<p><strong>Inklusive Dienstleistungen:<\/strong> Wir m\u00f6chten Ihren Aufenthalt so angenehm wie m\u00f6glich gestalten, daher stellen wir Ihnen Folgendes zur Verf\u00fcgung:<\/p>\n\n\n\n<p><strong>Gesprochene Sprachen:<\/strong><\/p>\n\n\n\n<ul class=\"wp-block-list\">\n<li>Deutsch<\/li>\n\n\n\n<li>Franz\u00f6sisch<\/li>\n\n\n\n<li>Englisch<\/li>\n\n\n\n<li>Spanisch<\/li>\n<\/ul>\n\n\n\n<p><strong>Allgemeine Ausstattung:<\/strong><\/p>\n\n\n\n<ul class=\"wp-block-list\">\n<li>Nichtraucher-Landhaus<\/li>\n\n\n\n<li>Blick auf eine Sehensw\u00fcrdigkeit (privater Botanischer Garten)<\/li>\n\n\n\n<li>Blick auf den privaten Garten des Landhauses von allen Zimmern aus<\/li>\n\n\n\n<li>Privater Parkplatz<\/li>\n\n\n\n<li>WLAN-Verbindung<\/li>\n\n\n\n<li>Haushaltsprodukte<\/li>\n\n\n\n<li>Mezzanine nur \u00fcber die Treppe erreichbar<\/li>\n\n\n\n<li>Hauptheizung W\u00e4rmepumpe<\/li>\n\n\n\n<li>\u00dcberwachungskameras am Eingang des privaten Botanischen Gartens<\/li>\n\n\n\n<li>Rauchmelder<\/li>\n<\/ul>\n\n\n\n<p><strong>Merkmale des Geb\u00e4udes:<\/strong><\/p>\n\n\n\n<ul class=\"wp-block-list\">\n<li>Alleinstehend<\/li>\n\n\n\n<li>Zentral im privaten Garten des Landhauses<\/li>\n\n\n\n<li>Das Landhaus liegt mitten im privaten Botanischen Garten<\/li>\n\n\n\n<li>Zugang zum gesamten Landhaus (au\u00dfer Dachboden)<\/li>\n<\/ul>\n\n\n\n<p><strong>Wohnecke:<\/strong><\/p>\n\n\n\n<ul class=\"wp-block-list\">\n<li>Sessel<\/li>\n\n\n\n<li>Kleiner Couchtisch<\/li>\n\n\n\n<li>Flachbildfernseher<\/li>\n<\/ul>\n\n\n\n<p><strong>K\u00fcche\/Essecke:<\/strong><\/p>\n\n\n\n<ul class=\"wp-block-list\">\n<li>Einbauk\u00fcche<\/li>\n\n\n\n<li>Induktionskochfeld mit zwei Kochzonen<\/li>\n\n\n\n<li>Hei\u00dfluftofen kombiniert mit Mikrowelle<\/li>\n\n\n\n<li>Geschirrsp\u00fcler<\/li>\n\n\n\n<li>K\u00fchlschrank mit Gefrierfach<\/li>\n\n\n\n<li>Geschirr<\/li>\n\n\n\n<li>T\u00f6pfe und Pfanne<\/li>\n\n\n\n<li>K\u00fcchenutensilien<\/li>\n\n\n\n<li>Elektrischer Wasserkocher<\/li>\n\n\n\n<li>Nespresso-Kaffeemaschine<\/li>\n\n\n\n<li>Toaster<\/li>\n<\/ul>\n\n\n\n<p><strong>Erdgeschoss-Schlafzimmer:<\/strong><\/p>\n\n\n\n<ul class=\"wp-block-list\">\n<li>Bett 140 x 200 cm<\/li>\n\n\n\n<li>Bettw\u00e4sche<\/li>\n\n\n\n<li>Kleiderschrank oder Garderobe<\/li>\n\n\n\n<li>Herrendiener<\/li>\n\n\n\n<li>Gep\u00e4ckablage<\/li>\n\n\n\n<li>Steckdose in der N\u00e4he des Bettes<\/li>\n\n\n\n<li>Fliesen<\/li>\n\n\n\n<li>Teppich<\/li>\n<\/ul>\n\n\n\n<p><strong>Mezzanin-Schlafzimmer:<\/strong><\/p>\n\n\n\n<ul class=\"wp-block-list\">\n<li>Bett 160 x 200 cm<\/li>\n\n\n\n<li>Bettw\u00e4sche<\/li>\n\n\n\n<li>Schubladenaufbewahrung<\/li>\n\n\n\n<li>Steckdose in der N\u00e4he des Bettes<\/li>\n\n\n\n<li>Teppichboden<\/li>\n<\/ul>\n\n\n\n<p><strong>Arbeitsplatz in der Mezzanine:<\/strong><\/p>\n\n\n\n<ul class=\"wp-block-list\">\n<li>Kleiner Schreibtisch<\/li>\n\n\n\n<li>Schreibtischlampe<\/li>\n<\/ul>\n\n\n\n<p><strong>Badezimmer:<\/strong><\/p>\n\n\n\n<ul class=\"wp-block-list\">\n<li>Toilettenpapier<\/li>\n\n\n\n<li>Handt\u00fccher<\/li>\n\n\n\n<li>Toilette<\/li>\n\n\n\n<li>Badewanne<\/li>\n\n\n\n<li>Dusche<\/li>\n\n\n\n<li>Kostenlose Toilettenartikel<\/li>\n\n\n\n<li>Haartrockner<\/li>\n\n\n\n<li>W\u00e4schest\u00e4nder<\/li>\n\n\n\n<li>Vergr\u00f6\u00dferungsspiegel<\/li>\n<\/ul>\n","protected":false},"excerpt":{"rendered":"<p>Jeder Aufenthalt in Vallonch\u00eane ist eine Einladung zur Erholung und Entdeckung. Hier sind die Details zu unseren Preisen: \u2022 Preise pro Nacht (f\u00fcr 1 bis max. 4 Personen): Gesamtzahl der N\u00e4chte Preis pro Nacht f\u00fcr 1 bis 2 Personen Aufpreis f\u00fcr 3 bis 4 Personen 1 399 \u20ac 40 \u20ac \/ Pers. \/ Nacht 2 [&hellip;]<\/p>\n","protected":false},"author":1,"featured_media":32,"parent":0,"menu_order":0,"comment_status":"closed","ping_status":"closed","template":"","meta":{"footnotes":""},"class_list":["post-225","page","type-page","status-publish","has-post-thumbnail","hentry"],"yoast_head":"<!-- This site is optimized with the Yoast SEO plugin v26.5 - https:\/\/yoast.com\/wordpress\/plugins\/seo\/ -->\n<title>Preise und Dienstleistungen - Landhaus-Vermietung<\/title>\n<meta name=\"description\" content=\"Erfahren Sie mehr \u00fcber unsere Preise und die vollst\u00e4ndige Liste der Leistungen des zu mietenden Ferien-Landhauses von Vallonch\u00eane.\" \/>\n<meta name=\"robots\" content=\"index, follow, max-snippet:-1, max-image-preview:large, max-video-preview:-1\" \/>\n<link rel=\"canonical\" href=\"https:\/\/cottage-landhaus-gite.vallonchene.fr\/de\/preise-und-dienstleistungen\/\" \/>\n<meta property=\"og:locale\" content=\"de_DE\" \/>\n<meta property=\"og:type\" content=\"article\" \/>\n<meta property=\"og:title\" content=\"Preise und Dienstleistungen - Landhaus-Vermietung\" \/>\n<meta property=\"og:description\" content=\"Erfahren Sie mehr \u00fcber unsere Preise und die vollst\u00e4ndige Liste der Leistungen des zu mietenden Ferien-Landhauses von Vallonch\u00eane.\" \/>\n<meta property=\"og:url\" content=\"https:\/\/cottage-landhaus-gite.vallonchene.fr\/de\/preise-und-dienstleistungen\/\" \/>\n<meta property=\"og:site_name\" content=\"Landhaus-Vermietung\" \/>\n<meta property=\"article:modified_time\" content=\"2025-08-15T17:05:20+00:00\" \/>\n<meta property=\"og:image\" content=\"https:\/\/cottage-landhaus-gite.vallonchene.fr\/wp-content\/uploads\/2025\/02\/Nouvelle-Bergerie-Vallonchene_09.webp\" \/>\n\t<meta property=\"og:image:width\" content=\"1600\" \/>\n\t<meta property=\"og:image:height\" content=\"1200\" \/>\n\t<meta property=\"og:image:type\" content=\"image\/webp\" \/>\n<meta name=\"twitter:card\" content=\"summary_large_image\" \/>\n<meta name=\"twitter:label1\" content=\"Gesch\u00e4tzte Lesezeit\" \/>\n\t<meta name=\"twitter:data1\" content=\"3\u00a0Minuten\" \/>\n<script type=\"application\/ld+json\" class=\"yoast-schema-graph\">{\"@context\":\"https:\/\/schema.org\",\"@graph\":[{\"@type\":\"WebPage\",\"@id\":\"https:\/\/cottage-landhaus-gite.vallonchene.fr\/de\/preise-und-dienstleistungen\/\",\"url\":\"https:\/\/cottage-landhaus-gite.vallonchene.fr\/de\/preise-und-dienstleistungen\/\",\"name\":\"Preise und Dienstleistungen - Landhaus-Vermietung\",\"isPartOf\":{\"@id\":\"https:\/\/cottage-landhaus-gite.vallonchene.fr\/de\/#website\"},\"primaryImageOfPage\":{\"@id\":\"https:\/\/cottage-landhaus-gite.vallonchene.fr\/de\/preise-und-dienstleistungen\/#primaryimage\"},\"image\":{\"@id\":\"https:\/\/cottage-landhaus-gite.vallonchene.fr\/de\/preise-und-dienstleistungen\/#primaryimage\"},\"thumbnailUrl\":\"https:\/\/cottage-landhaus-gite.vallonchene.fr\/wp-content\/uploads\/2025\/02\/Nouvelle-Bergerie-Vallonchene_09.webp\",\"datePublished\":\"2025-02-28T15:04:25+00:00\",\"dateModified\":\"2025-08-15T17:05:20+00:00\",\"description\":\"Erfahren Sie mehr \u00fcber unsere Preise und die vollst\u00e4ndige Liste der Leistungen des zu mietenden Ferien-Landhauses von Vallonch\u00eane.\",\"breadcrumb\":{\"@id\":\"https:\/\/cottage-landhaus-gite.vallonchene.fr\/de\/preise-und-dienstleistungen\/#breadcrumb\"},\"inLanguage\":\"de\",\"potentialAction\":[{\"@type\":\"ReadAction\",\"target\":[\"https:\/\/cottage-landhaus-gite.vallonchene.fr\/de\/preise-und-dienstleistungen\/\"]}]},{\"@type\":\"ImageObject\",\"inLanguage\":\"de\",\"@id\":\"https:\/\/cottage-landhaus-gite.vallonchene.fr\/de\/preise-und-dienstleistungen\/#primaryimage\",\"url\":\"https:\/\/cottage-landhaus-gite.vallonchene.fr\/wp-content\/uploads\/2025\/02\/Nouvelle-Bergerie-Vallonchene_09.webp\",\"contentUrl\":\"https:\/\/cottage-landhaus-gite.vallonchene.fr\/wp-content\/uploads\/2025\/02\/Nouvelle-Bergerie-Vallonchene_09.webp\",\"width\":1600,\"height\":1200,\"caption\":\"Das Erdgeschoss-Schlafzimmer mit dem 140 x 200 cm Bett und Blick auf den Vorgarten.\"},{\"@type\":\"BreadcrumbList\",\"@id\":\"https:\/\/cottage-landhaus-gite.vallonchene.fr\/de\/preise-und-dienstleistungen\/#breadcrumb\",\"itemListElement\":[{\"@type\":\"ListItem\",\"position\":1,\"name\":\"Accueil\",\"item\":\"https:\/\/cottage-landhaus-gite.vallonchene.fr\/de\/\"},{\"@type\":\"ListItem\",\"position\":2,\"name\":\"Preise und Dienstleistungen\"}]},{\"@type\":\"WebSite\",\"@id\":\"https:\/\/cottage-landhaus-gite.vallonchene.fr\/de\/#website\",\"url\":\"https:\/\/cottage-landhaus-gite.vallonchene.fr\/de\/\",\"name\":\"Landhaus-Vermietung\",\"description\":\"\",\"publisher\":{\"@id\":\"https:\/\/cottage-landhaus-gite.vallonchene.fr\/de\/#organization\"},\"potentialAction\":[{\"@type\":\"SearchAction\",\"target\":{\"@type\":\"EntryPoint\",\"urlTemplate\":\"https:\/\/cottage-landhaus-gite.vallonchene.fr\/de\/?s={search_term_string}\"},\"query-input\":{\"@type\":\"PropertyValueSpecification\",\"valueRequired\":true,\"valueName\":\"search_term_string\"}}],\"inLanguage\":\"de\"},{\"@type\":\"Organization\",\"@id\":\"https:\/\/cottage-landhaus-gite.vallonchene.fr\/de\/#organization\",\"name\":\"Landhaus-Vermietung\",\"url\":\"https:\/\/cottage-landhaus-gite.vallonchene.fr\/de\/\",\"logo\":{\"@type\":\"ImageObject\",\"inLanguage\":\"de\",\"@id\":\"https:\/\/cottage-landhaus-gite.vallonchene.fr\/de\/#\/schema\/logo\/image\/\",\"url\":\"https:\/\/cottage-landhaus-gite.vallonchene.fr\/wp-content\/uploads\/2025\/02\/Logo-du-gite-de-Vallonchene-avec-fond-transparent.png\",\"contentUrl\":\"https:\/\/cottage-landhaus-gite.vallonchene.fr\/wp-content\/uploads\/2025\/02\/Logo-du-gite-de-Vallonchene-avec-fond-transparent.png\",\"width\":683,\"height\":728,\"caption\":\"Landhaus-Vermietung\"},\"image\":{\"@id\":\"https:\/\/cottage-landhaus-gite.vallonchene.fr\/de\/#\/schema\/logo\/image\/\"}}]}<\/script>\n<!-- \/ Yoast SEO plugin. -->","yoast_head_json":{"title":"Preise und Dienstleistungen - Landhaus-Vermietung","description":"Erfahren Sie mehr \u00fcber unsere Preise und die vollst\u00e4ndige Liste der Leistungen des zu mietenden Ferien-Landhauses von Vallonch\u00eane.","robots":{"index":"index","follow":"follow","max-snippet":"max-snippet:-1","max-image-preview":"max-image-preview:large","max-video-preview":"max-video-preview:-1"},"canonical":"https:\/\/cottage-landhaus-gite.vallonchene.fr\/de\/preise-und-dienstleistungen\/","og_locale":"de_DE","og_type":"article","og_title":"Preise und Dienstleistungen - Landhaus-Vermietung","og_description":"Erfahren Sie mehr \u00fcber unsere Preise und die vollst\u00e4ndige Liste der Leistungen des zu mietenden Ferien-Landhauses von Vallonch\u00eane.","og_url":"https:\/\/cottage-landhaus-gite.vallonchene.fr\/de\/preise-und-dienstleistungen\/","og_site_name":"Landhaus-Vermietung","article_modified_time":"2025-08-15T17:05:20+00:00","og_image":[{"width":1600,"height":1200,"url":"https:\/\/cottage-landhaus-gite.vallonchene.fr\/wp-content\/uploads\/2025\/02\/Nouvelle-Bergerie-Vallonchene_09.webp","type":"image\/webp"}],"twitter_card":"summary_large_image","twitter_misc":{"Gesch\u00e4tzte Lesezeit":"3\u00a0Minuten"},"schema":{"@context":"https:\/\/schema.org","@graph":[{"@type":"WebPage","@id":"https:\/\/cottage-landhaus-gite.vallonchene.fr\/de\/preise-und-dienstleistungen\/","url":"https:\/\/cottage-landhaus-gite.vallonchene.fr\/de\/preise-und-dienstleistungen\/","name":"Preise und Dienstleistungen - Landhaus-Vermietung","isPartOf":{"@id":"https:\/\/cottage-landhaus-gite.vallonchene.fr\/de\/#website"},"primaryImageOfPage":{"@id":"https:\/\/cottage-landhaus-gite.vallonchene.fr\/de\/preise-und-dienstleistungen\/#primaryimage"},"image":{"@id":"https:\/\/cottage-landhaus-gite.vallonchene.fr\/de\/preise-und-dienstleistungen\/#primaryimage"},"thumbnailUrl":"https:\/\/cottage-landhaus-gite.vallonchene.fr\/wp-content\/uploads\/2025\/02\/Nouvelle-Bergerie-Vallonchene_09.webp","datePublished":"2025-02-28T15:04:25+00:00","dateModified":"2025-08-15T17:05:20+00:00","description":"Erfahren Sie mehr \u00fcber unsere Preise und die vollst\u00e4ndige Liste der Leistungen des zu mietenden Ferien-Landhauses von Vallonch\u00eane.","breadcrumb":{"@id":"https:\/\/cottage-landhaus-gite.vallonchene.fr\/de\/preise-und-dienstleistungen\/#breadcrumb"},"inLanguage":"de","potentialAction":[{"@type":"ReadAction","target":["https:\/\/cottage-landhaus-gite.vallonchene.fr\/de\/preise-und-dienstleistungen\/"]}]},{"@type":"ImageObject","inLanguage":"de","@id":"https:\/\/cottage-landhaus-gite.vallonchene.fr\/de\/preise-und-dienstleistungen\/#primaryimage","url":"https:\/\/cottage-landhaus-gite.vallonchene.fr\/wp-content\/uploads\/2025\/02\/Nouvelle-Bergerie-Vallonchene_09.webp","contentUrl":"https:\/\/cottage-landhaus-gite.vallonchene.fr\/wp-content\/uploads\/2025\/02\/Nouvelle-Bergerie-Vallonchene_09.webp","width":1600,"height":1200,"caption":"Das Erdgeschoss-Schlafzimmer mit dem 140 x 200 cm Bett und Blick auf den Vorgarten."},{"@type":"BreadcrumbList","@id":"https:\/\/cottage-landhaus-gite.vallonchene.fr\/de\/preise-und-dienstleistungen\/#breadcrumb","itemListElement":[{"@type":"ListItem","position":1,"name":"Accueil","item":"https:\/\/cottage-landhaus-gite.vallonchene.fr\/de\/"},{"@type":"ListItem","position":2,"name":"Preise und Dienstleistungen"}]},{"@type":"WebSite","@id":"https:\/\/cottage-landhaus-gite.vallonchene.fr\/de\/#website","url":"https:\/\/cottage-landhaus-gite.vallonchene.fr\/de\/","name":"Landhaus-Vermietung","description":"","publisher":{"@id":"https:\/\/cottage-landhaus-gite.vallonchene.fr\/de\/#organization"},"potentialAction":[{"@type":"SearchAction","target":{"@type":"EntryPoint","urlTemplate":"https:\/\/cottage-landhaus-gite.vallonchene.fr\/de\/?s={search_term_string}"},"query-input":{"@type":"PropertyValueSpecification","valueRequired":true,"valueName":"search_term_string"}}],"inLanguage":"de"},{"@type":"Organization","@id":"https:\/\/cottage-landhaus-gite.vallonchene.fr\/de\/#organization","name":"Landhaus-Vermietung","url":"https:\/\/cottage-landhaus-gite.vallonchene.fr\/de\/","logo":{"@type":"ImageObject","inLanguage":"de","@id":"https:\/\/cottage-landhaus-gite.vallonchene.fr\/de\/#\/schema\/logo\/image\/","url":"https:\/\/cottage-landhaus-gite.vallonchene.fr\/wp-content\/uploads\/2025\/02\/Logo-du-gite-de-Vallonchene-avec-fond-transparent.png","contentUrl":"https:\/\/cottage-landhaus-gite.vallonchene.fr\/wp-content\/uploads\/2025\/02\/Logo-du-gite-de-Vallonchene-avec-fond-transparent.png","width":683,"height":728,"caption":"Landhaus-Vermietung"},"image":{"@id":"https:\/\/cottage-landhaus-gite.vallonchene.fr\/de\/#\/schema\/logo\/image\/"}}]}},"_links":{"self":[{"href":"https:\/\/cottage-landhaus-gite.vallonchene.fr\/de\/wp-json\/wp\/v2\/pages\/225","targetHints":{"allow":["GET"]}}],"collection":[{"href":"https:\/\/cottage-landhaus-gite.vallonchene.fr\/de\/wp-json\/wp\/v2\/pages"}],"about":[{"href":"https:\/\/cottage-landhaus-gite.vallonchene.fr\/de\/wp-json\/wp\/v2\/types\/page"}],"author":[{"embeddable":true,"href":"https:\/\/cottage-landhaus-gite.vallonchene.fr\/de\/wp-json\/wp\/v2\/users\/1"}],"replies":[{"embeddable":true,"href":"https:\/\/cottage-landhaus-gite.vallonchene.fr\/de\/wp-json\/wp\/v2\/comments?post=225"}],"version-history":[{"count":10,"href":"https:\/\/cottage-landhaus-gite.vallonchene.fr\/de\/wp-json\/wp\/v2\/pages\/225\/revisions"}],"predecessor-version":[{"id":632,"href":"https:\/\/cottage-landhaus-gite.vallonchene.fr\/de\/wp-json\/wp\/v2\/pages\/225\/revisions\/632"}],"wp:featuredmedia":[{"embeddable":true,"href":"https:\/\/cottage-landhaus-gite.vallonchene.fr\/de\/wp-json\/wp\/v2\/media\/32"}],"wp:attachment":[{"href":"https:\/\/cottage-landhaus-gite.vallonchene.fr\/de\/wp-json\/wp\/v2\/media?parent=225"}],"curies":[{"name":"wp","href":"https:\/\/api.w.org\/{rel}","templated":true}]}}