{"id":215,"date":"2025-02-28T15:52:52","date_gmt":"2025-02-28T14:52:52","guid":{"rendered":"https:\/\/cottage-landhaus-gite.vallonchene.fr\/?page_id=215"},"modified":"2025-03-01T14:52:42","modified_gmt":"2025-03-01T13:52:42","slug":"contact-buchung","status":"publish","type":"page","link":"https:\/\/cottage-landhaus-gite.vallonchene.fr\/de\/contact-buchung\/","title":{"rendered":"Kontakt\/Buchung"},"content":{"rendered":"\n<p>Ob Sie uns eine Frage stellen, nach Verf\u00fcgbarkeit fragen oder Ihren Aufenthalt buchen m\u00f6chten, wir sind f\u00fcr Sie da!<\/p>\n\n\n\n<p>Sie k\u00f6nnen uns unter +33 2 35 90 02 02 erreichen oder einfach das unten stehende Formular ausf\u00fcllen, und wir werden innerhalb von 24 Stunden antworten. Ihre Zufriedenheit ist unsere Priorit\u00e4t.<\/p>\n\n\n<div class='fluentform ff-default fluentform_wrapper_8  ff_guten_block ff_guten_block-8 ffs_default_wrap'><form data-form_id=\"8\" id=\"fluentform_8\" class=\"frm-fluent-form fluent_form_8 ff-el-form-top ff_form_instance_8_1 ff-form-loading ffs_default\" data-form_instance=\"ff_form_instance_8_1\" method=\"POST\" ><fieldset  style=\"border: none!important;margin: 0!important;padding: 0!important;background-color: transparent!important;box-shadow: none!important;outline: none!important; min-inline-size: 100%;\">\n                    <legend class=\"ff_screen_reader_title\" style=\"display: block; margin: 0!important;padding: 0!important;height: 0!important;text-indent: -999999px;width: 0!important;overflow:hidden;\">DE Contact<\/legend><input type='hidden' name='__fluent_form_embded_post_id' value='215' \/><input type=\"hidden\" id=\"_fluentform_8_fluentformnonce\" name=\"_fluentform_8_fluentformnonce\" value=\"967d1ee8eb\" \/><input type=\"hidden\" name=\"_wp_http_referer\" value=\"\/de\/wp-json\/wp\/v2\/pages\/215\" \/><div data-type=\"name-element\" data-name=\"names\" class=\" ff-field_container ff-name-field-wrapper\" ><div class='ff-t-container'><div class='ff-t-cell '><div class='ff-el-group'><div class=\"ff-el-input--label ff-el-is-required asterisk-right\"><label for='ff_8_names_first_name_' id='label_ff_8_names_first_name_' >Vorname<\/label><\/div><div class='ff-el-input--content'><input type=\"text\" name=\"names[first_name]\" id=\"ff_8_names_first_name_\" class=\"ff-el-form-control\" placeholder=\"Vorname\" aria-invalid=\"false\" aria-required=true><\/div><\/div><\/div><div class='ff-t-cell '><div class='ff-el-group'><div class=\"ff-el-input--label ff-el-is-required asterisk-right\"><label for='ff_8_names_last_name_' id='label_ff_8_names_last_name_' >Name<\/label><\/div><div class='ff-el-input--content'><input type=\"text\" name=\"names[last_name]\" id=\"ff_8_names_last_name_\" class=\"ff-el-form-control\" placeholder=\"Name\" aria-invalid=\"false\" aria-required=true><\/div><\/div><\/div><\/div><\/div><div class='ff-el-group'><div class=\"ff-el-input--label ff-el-is-required asterisk-right\"><label for='ff_8_email' id='label_ff_8_email' aria-label=\"E-Mail\">E-Mail<\/label><\/div><div class='ff-el-input--content'><input type=\"email\" name=\"email\" id=\"ff_8_email\" class=\"ff-el-form-control\" placeholder=\"E-Mail\" data-name=\"email\"  aria-invalid=\"false\" aria-required=true><\/div><\/div><div class='ff-el-group'><div class=\"ff-el-input--label ff-el-is-required asterisk-right\"><label for='ff_8_input_text' id='label_ff_8_input_text' aria-label=\"Telefon\">Telefon<\/label><\/div><div class='ff-el-input--content'><input type=\"text\" name=\"input_text\" class=\"ff-el-form-control\" placeholder=\"Telefonnumer (mit inernationaler Vorwahl ausserhalb von Frankreich)\" data-name=\"input_text\" id=\"ff_8_input_text\"  aria-invalid=\"false\" aria-required=true><\/div><\/div><div class='ff-el-group'><div class=\"ff-el-input--label asterisk-right\"><label for='ff_8_subject' id='label_ff_8_subject' aria-label=\"Betreff\">Betreff<\/label><\/div><div class='ff-el-input--content'><input type=\"text\" name=\"subject\" class=\"ff-el-form-control\" data-name=\"subject\" id=\"ff_8_subject\"  aria-invalid=\"false\" aria-required=false><\/div><\/div><div class='ff-el-group'><div class=\"ff-el-input--label asterisk-right\"><label for='ff_8_datetime' id='label_ff_8_datetime' aria-label=\"Gew\u00fcnschtes Ankunftsdatum (tt\/mm\/jjjj)\">Gew\u00fcnschtes Ankunftsdatum (tt\/mm\/jjjj)<\/label><\/div><div class='ff-el-input--content'><input  aria-label='Gew\u00fcnschtes Ankunftsdatum (tt\/mm\/jjjj) Use arrow keys to navigate dates. Press enter to select a date.'  aria-haspopup='dialog' data-type-datepicker data-format='d\/m\/Y' type=\"text\" name=\"datetime\" id=\"ff_8_datetime\" class=\"ff-el-form-control ff-el-datepicker\" placeholder=\"W\u00e4hlen Sie ein Datum\" data-name=\"datetime\"  aria-invalid='false' aria-required=false><\/div><\/div><div class='ff-el-group'><div class=\"ff-el-input--label asterisk-right\"><label for='ff_8_datetime_1' id='label_ff_8_datetime_1' aria-label=\"Gew\u00fcnschtes Abreisedatum (tt\/mm\/jjjj)\">Gew\u00fcnschtes Abreisedatum (tt\/mm\/jjjj)<\/label><\/div><div class='ff-el-input--content'><input  aria-label='Gew\u00fcnschtes Abreisedatum (tt\/mm\/jjjj) Use arrow keys to navigate dates. Press enter to select a date.'  aria-haspopup='dialog' data-type-datepicker data-format='d\/m\/Y' type=\"text\" name=\"datetime_1\" id=\"ff_8_datetime_1\" class=\"ff-el-form-control ff-el-datepicker\" placeholder=\"W\u00e4hlen Sie ein Datum\" data-name=\"datetime_1\"  aria-invalid='false' aria-required=false><\/div><\/div><div class='ff-el-group'><div class=\"ff-el-input--label ff-el-is-required asterisk-right\"><label for='ff_8_message' id='label_ff_8_message' aria-label=\"Ihre Nachricht\">Ihre Nachricht<\/label><\/div><div class='ff-el-input--content'><textarea aria-required=\"true\" aria-labelledby=\"label_ff_8_message\" name=\"message\" id=\"ff_8_message\" class=\"ff-el-form-control\" placeholder=\"Schreiben Sie hier Ihre Nachricht\" rows=\"4\" cols=\"2\" data-name=\"message\" ><\/textarea><\/div><\/div><div class='ff-el-group ff-text-left ff_submit_btn_wrapper'><button type=\"submit\" class=\"ff-btn ff-btn-submit ff-btn-md ff_btn_style wpf_has_custom_css\"  aria-label=\"Nachricht absenden\">Nachricht absenden<\/button><\/div>\t\t<div id=\"cf-turnstile-fluent-1395049150\"\r\n\t\tclass=\"cf-turnstile\" \t\tdata-sitekey=\"0x4AAAAAAA_OskbvqzH6VuCk\"\r\n\t\tdata-theme=\"light\"\r\n\t\tdata-language=\"auto\"\r\n\t\tdata-size=\"normal\"\r\n\t\tdata-retry=\"auto\" data-retry-interval=\"1000\"\r\n\t\tdata-action=\"fluent-form-8\"\r\n\t\t\t\tdata-appearance=\"always\"><\/div>\r\n\t\t\t<script>document.addEventListener(\"DOMContentLoaded\", function() { setTimeout(function(){ var e=document.getElementById(\"cf-turnstile-fluent-1395049150\"); e&&!e.innerHTML.trim()&&(turnstile.remove(\"#cf-turnstile-fluent-1395049150\"), turnstile.render(\"#cf-turnstile-fluent-1395049150\", {sitekey:\"0x4AAAAAAA_OskbvqzH6VuCk\"})); }, 0); });<\/script>\r\n\t\t\t<br class=\"cf-turnstile-br cf-turnstile-br-fluent-1395049150\">\r\n\t\t\t\t<style>#cf-turnstile-fluent-1395049150 { margin-left: -15px; }<\/style>\r\n\t\t<\/fieldset><\/form><div id='fluentform_8_errors' class='ff-errors-in-stack ff_form_instance_8_1 ff-form-loading_errors ff_form_instance_8_1_errors'><\/div><\/div>            <script type=\"text\/javascript\">\n                window.fluent_form_ff_form_instance_8_1 = {\"id\":\"8\",\"settings\":{\"layout\":{\"labelPlacement\":\"top\",\"helpMessagePlacement\":\"with_label\",\"errorMessagePlacement\":\"inline\",\"cssClassName\":\"\",\"asteriskPlacement\":\"asterisk-right\"},\"restrictions\":{\"denyEmptySubmission\":{\"enabled\":false}}},\"form_instance\":\"ff_form_instance_8_1\",\"form_id_selector\":\"fluentform_8\",\"rules\":{\"names[first_name]\":{\"required\":{\"value\":true,\"message\":\"Dieses Feld ist erforderlich\",\"global\":false,\"global_message\":\"Ce champ est obligatoire\"}},\"names[middle_name]\":{\"required\":{\"value\":false,\"message\":\"This field is required\",\"global\":false,\"global_message\":\"Ce champ est obligatoire\"}},\"names[last_name]\":{\"required\":{\"value\":true,\"message\":\"Dieses Feld ist erforderlich\",\"global\":false,\"global_message\":\"Ce champ est obligatoire\"}},\"email\":{\"required\":{\"value\":true,\"message\":\"Dieses Feld ist erforderlich\",\"global\":false,\"global_message\":\"Ce champ est obligatoire\"},\"email\":{\"value\":true,\"message\":\"Dieses Feld muss ein vollst\\u00e4ndiges E-Mail enthalten\",\"global\":false,\"global_message\":\"Ce champ doit contenir un e-mail valide\"}},\"input_text\":{\"required\":{\"value\":true,\"message\":\"Dieses Feld ist erforderlich\",\"global_message\":\"Ce champ est obligatoire\",\"global\":false}},\"subject\":{\"required\":{\"value\":false,\"message\":\"This field is required\",\"global\":false,\"global_message\":\"Ce champ est obligatoire\"}},\"datetime\":{\"required\":{\"value\":false,\"message\":\"Dieses Feld ist erforderlich\",\"global_message\":\"Ce champ est obligatoire\",\"global\":true}},\"datetime_1\":{\"required\":{\"value\":false,\"message\":\"Dieses Feld ist erforderlich\",\"global_message\":\"Ce champ est obligatoire\",\"global\":true}},\"message\":{\"required\":{\"value\":true,\"message\":\"Dieses Feld ist erforderlich\",\"global\":false,\"global_message\":\"Ce champ est obligatoire\"}}},\"debounce_time\":300};\n                            <\/script>\n            ","protected":false},"excerpt":{"rendered":"<p>Ob Sie uns eine Frage stellen, nach Verf\u00fcgbarkeit fragen oder Ihren Aufenthalt buchen m\u00f6chten, wir sind f\u00fcr Sie da! Sie k\u00f6nnen uns unter +33 2 35 90 02 02 erreichen oder einfach das unten stehende Formular ausf\u00fcllen, und wir werden innerhalb von 24 Stunden antworten. Ihre Zufriedenheit ist unsere Priorit\u00e4t.<\/p>\n","protected":false},"author":1,"featured_media":0,"parent":0,"menu_order":0,"comment_status":"closed","ping_status":"closed","template":"","meta":{"footnotes":""},"class_list":["post-215","page","type-page","status-publish","hentry"],"yoast_head":"<!-- This site is optimized with the Yoast SEO plugin v26.5 - https:\/\/yoast.com\/wordpress\/plugins\/seo\/ -->\n<title>Kontakt\/Buchung - Landhaus-Vermietung<\/title>\n<meta name=\"robots\" content=\"index, follow, max-snippet:-1, max-image-preview:large, max-video-preview:-1\" \/>\n<link rel=\"canonical\" href=\"https:\/\/cottage-landhaus-gite.vallonchene.fr\/de\/contact-buchung\/\" \/>\n<meta property=\"og:locale\" content=\"de_DE\" \/>\n<meta property=\"og:type\" content=\"article\" \/>\n<meta property=\"og:title\" content=\"Kontakt\/Buchung - Landhaus-Vermietung\" \/>\n<meta property=\"og:description\" content=\"Ob Sie uns eine Frage stellen, nach Verf\u00fcgbarkeit fragen oder Ihren Aufenthalt buchen m\u00f6chten, wir sind f\u00fcr Sie da! Sie k\u00f6nnen uns unter +33 2 35 90 02 02 erreichen oder einfach das unten stehende Formular ausf\u00fcllen, und wir werden innerhalb von 24 Stunden antworten. Ihre Zufriedenheit ist unsere Priorit\u00e4t.\" \/>\n<meta property=\"og:url\" content=\"https:\/\/cottage-landhaus-gite.vallonchene.fr\/de\/contact-buchung\/\" \/>\n<meta property=\"og:site_name\" content=\"Landhaus-Vermietung\" \/>\n<meta property=\"article:modified_time\" content=\"2025-03-01T13:52:42+00:00\" \/>\n<meta name=\"twitter:card\" content=\"summary_large_image\" \/>\n<meta name=\"twitter:label1\" content=\"Gesch\u00e4tzte Lesezeit\" \/>\n\t<meta name=\"twitter:data1\" content=\"1\u00a0Minute\" \/>\n<script type=\"application\/ld+json\" class=\"yoast-schema-graph\">{\"@context\":\"https:\/\/schema.org\",\"@graph\":[{\"@type\":\"WebPage\",\"@id\":\"https:\/\/cottage-landhaus-gite.vallonchene.fr\/de\/contact-buchung\/\",\"url\":\"https:\/\/cottage-landhaus-gite.vallonchene.fr\/de\/contact-buchung\/\",\"name\":\"Kontakt\/Buchung - Landhaus-Vermietung\",\"isPartOf\":{\"@id\":\"https:\/\/cottage-landhaus-gite.vallonchene.fr\/de\/#website\"},\"datePublished\":\"2025-02-28T14:52:52+00:00\",\"dateModified\":\"2025-03-01T13:52:42+00:00\",\"breadcrumb\":{\"@id\":\"https:\/\/cottage-landhaus-gite.vallonchene.fr\/de\/contact-buchung\/#breadcrumb\"},\"inLanguage\":\"de\",\"potentialAction\":[{\"@type\":\"ReadAction\",\"target\":[\"https:\/\/cottage-landhaus-gite.vallonchene.fr\/de\/contact-buchung\/\"]}]},{\"@type\":\"BreadcrumbList\",\"@id\":\"https:\/\/cottage-landhaus-gite.vallonchene.fr\/de\/contact-buchung\/#breadcrumb\",\"itemListElement\":[{\"@type\":\"ListItem\",\"position\":1,\"name\":\"Accueil\",\"item\":\"https:\/\/cottage-landhaus-gite.vallonchene.fr\/de\/\"},{\"@type\":\"ListItem\",\"position\":2,\"name\":\"Kontakt\/Buchung\"}]},{\"@type\":\"WebSite\",\"@id\":\"https:\/\/cottage-landhaus-gite.vallonchene.fr\/de\/#website\",\"url\":\"https:\/\/cottage-landhaus-gite.vallonchene.fr\/de\/\",\"name\":\"Landhaus-Vermietung\",\"description\":\"\",\"publisher\":{\"@id\":\"https:\/\/cottage-landhaus-gite.vallonchene.fr\/de\/#organization\"},\"potentialAction\":[{\"@type\":\"SearchAction\",\"target\":{\"@type\":\"EntryPoint\",\"urlTemplate\":\"https:\/\/cottage-landhaus-gite.vallonchene.fr\/de\/?s={search_term_string}\"},\"query-input\":{\"@type\":\"PropertyValueSpecification\",\"valueRequired\":true,\"valueName\":\"search_term_string\"}}],\"inLanguage\":\"de\"},{\"@type\":\"Organization\",\"@id\":\"https:\/\/cottage-landhaus-gite.vallonchene.fr\/de\/#organization\",\"name\":\"Landhaus-Vermietung\",\"url\":\"https:\/\/cottage-landhaus-gite.vallonchene.fr\/de\/\",\"logo\":{\"@type\":\"ImageObject\",\"inLanguage\":\"de\",\"@id\":\"https:\/\/cottage-landhaus-gite.vallonchene.fr\/de\/#\/schema\/logo\/image\/\",\"url\":\"https:\/\/cottage-landhaus-gite.vallonchene.fr\/wp-content\/uploads\/2025\/02\/Logo-du-gite-de-Vallonchene-avec-fond-transparent.png\",\"contentUrl\":\"https:\/\/cottage-landhaus-gite.vallonchene.fr\/wp-content\/uploads\/2025\/02\/Logo-du-gite-de-Vallonchene-avec-fond-transparent.png\",\"width\":683,\"height\":728,\"caption\":\"Landhaus-Vermietung\"},\"image\":{\"@id\":\"https:\/\/cottage-landhaus-gite.vallonchene.fr\/de\/#\/schema\/logo\/image\/\"}}]}<\/script>\n<!-- \/ Yoast SEO plugin. -->","yoast_head_json":{"title":"Kontakt\/Buchung - Landhaus-Vermietung","robots":{"index":"index","follow":"follow","max-snippet":"max-snippet:-1","max-image-preview":"max-image-preview:large","max-video-preview":"max-video-preview:-1"},"canonical":"https:\/\/cottage-landhaus-gite.vallonchene.fr\/de\/contact-buchung\/","og_locale":"de_DE","og_type":"article","og_title":"Kontakt\/Buchung - Landhaus-Vermietung","og_description":"Ob Sie uns eine Frage stellen, nach Verf\u00fcgbarkeit fragen oder Ihren Aufenthalt buchen m\u00f6chten, wir sind f\u00fcr Sie da! Sie k\u00f6nnen uns unter +33 2 35 90 02 02 erreichen oder einfach das unten stehende Formular ausf\u00fcllen, und wir werden innerhalb von 24 Stunden antworten. Ihre Zufriedenheit ist unsere Priorit\u00e4t.","og_url":"https:\/\/cottage-landhaus-gite.vallonchene.fr\/de\/contact-buchung\/","og_site_name":"Landhaus-Vermietung","article_modified_time":"2025-03-01T13:52:42+00:00","twitter_card":"summary_large_image","twitter_misc":{"Gesch\u00e4tzte Lesezeit":"1\u00a0Minute"},"schema":{"@context":"https:\/\/schema.org","@graph":[{"@type":"WebPage","@id":"https:\/\/cottage-landhaus-gite.vallonchene.fr\/de\/contact-buchung\/","url":"https:\/\/cottage-landhaus-gite.vallonchene.fr\/de\/contact-buchung\/","name":"Kontakt\/Buchung - Landhaus-Vermietung","isPartOf":{"@id":"https:\/\/cottage-landhaus-gite.vallonchene.fr\/de\/#website"},"datePublished":"2025-02-28T14:52:52+00:00","dateModified":"2025-03-01T13:52:42+00:00","breadcrumb":{"@id":"https:\/\/cottage-landhaus-gite.vallonchene.fr\/de\/contact-buchung\/#breadcrumb"},"inLanguage":"de","potentialAction":[{"@type":"ReadAction","target":["https:\/\/cottage-landhaus-gite.vallonchene.fr\/de\/contact-buchung\/"]}]},{"@type":"BreadcrumbList","@id":"https:\/\/cottage-landhaus-gite.vallonchene.fr\/de\/contact-buchung\/#breadcrumb","itemListElement":[{"@type":"ListItem","position":1,"name":"Accueil","item":"https:\/\/cottage-landhaus-gite.vallonchene.fr\/de\/"},{"@type":"ListItem","position":2,"name":"Kontakt\/Buchung"}]},{"@type":"WebSite","@id":"https:\/\/cottage-landhaus-gite.vallonchene.fr\/de\/#website","url":"https:\/\/cottage-landhaus-gite.vallonchene.fr\/de\/","name":"Landhaus-Vermietung","description":"","publisher":{"@id":"https:\/\/cottage-landhaus-gite.vallonchene.fr\/de\/#organization"},"potentialAction":[{"@type":"SearchAction","target":{"@type":"EntryPoint","urlTemplate":"https:\/\/cottage-landhaus-gite.vallonchene.fr\/de\/?s={search_term_string}"},"query-input":{"@type":"PropertyValueSpecification","valueRequired":true,"valueName":"search_term_string"}}],"inLanguage":"de"},{"@type":"Organization","@id":"https:\/\/cottage-landhaus-gite.vallonchene.fr\/de\/#organization","name":"Landhaus-Vermietung","url":"https:\/\/cottage-landhaus-gite.vallonchene.fr\/de\/","logo":{"@type":"ImageObject","inLanguage":"de","@id":"https:\/\/cottage-landhaus-gite.vallonchene.fr\/de\/#\/schema\/logo\/image\/","url":"https:\/\/cottage-landhaus-gite.vallonchene.fr\/wp-content\/uploads\/2025\/02\/Logo-du-gite-de-Vallonchene-avec-fond-transparent.png","contentUrl":"https:\/\/cottage-landhaus-gite.vallonchene.fr\/wp-content\/uploads\/2025\/02\/Logo-du-gite-de-Vallonchene-avec-fond-transparent.png","width":683,"height":728,"caption":"Landhaus-Vermietung"},"image":{"@id":"https:\/\/cottage-landhaus-gite.vallonchene.fr\/de\/#\/schema\/logo\/image\/"}}]}},"_links":{"self":[{"href":"https:\/\/cottage-landhaus-gite.vallonchene.fr\/de\/wp-json\/wp\/v2\/pages\/215","targetHints":{"allow":["GET"]}}],"collection":[{"href":"https:\/\/cottage-landhaus-gite.vallonchene.fr\/de\/wp-json\/wp\/v2\/pages"}],"about":[{"href":"https:\/\/cottage-landhaus-gite.vallonchene.fr\/de\/wp-json\/wp\/v2\/types\/page"}],"author":[{"embeddable":true,"href":"https:\/\/cottage-landhaus-gite.vallonchene.fr\/de\/wp-json\/wp\/v2\/users\/1"}],"replies":[{"embeddable":true,"href":"https:\/\/cottage-landhaus-gite.vallonchene.fr\/de\/wp-json\/wp\/v2\/comments?post=215"}],"version-history":[{"count":0,"href":"https:\/\/cottage-landhaus-gite.vallonchene.fr\/de\/wp-json\/wp\/v2\/pages\/215\/revisions"}],"wp:attachment":[{"href":"https:\/\/cottage-landhaus-gite.vallonchene.fr\/de\/wp-json\/wp\/v2\/media?parent=215"}],"curies":[{"name":"wp","href":"https:\/\/api.w.org\/{rel}","templated":true}]}}